{"id":8252,"date":"2024-11-06T11:46:08","date_gmt":"2025-05-28T08:16:14","guid":{"rendered":"https:\/\/www.fracchiolla.it\/?post_type=product&#038;p=8252"},"modified":"2025-05-28T10:21:46","modified_gmt":"2025-05-28T08:21:46","slug":"cuves-avec-surface-dechange-calorifugee-en-nid-dabeille","status":"publish","type":"product","link":"https:\/\/www.fracchiolla.it\/fr\/prodotto\/cuves-avec-surface-dechange-calorifugee-en-nid-dabeille\/","title":{"rendered":"CUVES AVEC SURFACE D\u2019\u00c9CHANGE CALORIFUG\u00c9E EN NID D\u2019ABEILLE"},"content":{"rendered":"","protected":false},"excerpt":{"rendered":"<div class=\"woocommerce-product-details__short-description\">\n<p>Cuves de stockage en acier inoxydable \u00e9quip\u00e9 d\u2019une surface d\u2019\u00e9change thermique en nid d\u2019abeille.<\/p>\n<p>Notre surface d\u2019\u00e9change en nid d\u2019abeille permet un passage consid\u00e9rable de liquide de refroidissement avec un coefficient d\u2019\u00e9change thermique plus \u00e9lev\u00e9 que les surface d\u2019\u00e9change traditionnelles a souffl\u00e9es.<\/p>\n<p><a class=\"product-factsheet wplightbox\" href=\"https:\/\/www.fracchiolla.it\/wp-content\/uploads\/2020\/11\/Fracchiolla-Cuves-sur-pieds-nid-dabeille-FRA.pdf\" target=\"_blank\" rel=\"noopener\" data-cmp-ab=\"2\"><b>Fiche technique<\/b><\/a><\/p>\n<p><a href=\"https:\/\/www.fracchiolla.it\/fr\/production\/\" data-cmp-ab=\"2\">D\u00e9couvrez les productions<\/a><\/p>\n<\/div>\n","protected":false},"featured_media":5686,"template":"","meta":{"inline_featured_image":false},"product_brand":[],"product_cat":[93],"product_tag":[],"class_list":{"0":"post-8252","1":"product","2":"type-product","3":"status-publish","4":"has-post-thumbnail","6":"product_cat-secteur-oenologique","8":"first","9":"instock","10":"shipping-taxable","11":"product-type-simple"},"_links":{"self":[{"href":"https:\/\/www.fracchiolla.it\/fr\/wp-json\/wp\/v2\/product\/8252","targetHints":{"allow":["GET"]}}],"collection":[{"href":"https:\/\/www.fracchiolla.it\/fr\/wp-json\/wp\/v2\/product"}],"about":[{"href":"https:\/\/www.fracchiolla.it\/fr\/wp-json\/wp\/v2\/types\/product"}],"wp:featuredmedia":[{"embeddable":true,"href":"https:\/\/www.fracchiolla.it\/fr\/wp-json\/wp\/v2\/media\/5686"}],"wp:attachment":[{"href":"https:\/\/www.fracchiolla.it\/fr\/wp-json\/wp\/v2\/media?parent=8252"}],"wp:term":[{"taxonomy":"product_brand","embeddable":true,"href":"https:\/\/www.fracchiolla.it\/fr\/wp-json\/wp\/v2\/product_brand?post=8252"},{"taxonomy":"product_cat","embeddable":true,"href":"https:\/\/www.fracchiolla.it\/fr\/wp-json\/wp\/v2\/product_cat?post=8252"},{"taxonomy":"product_tag","embeddable":true,"href":"https:\/\/www.fracchiolla.it\/fr\/wp-json\/wp\/v2\/product_tag?post=8252"}],"curies":[{"name":"wp","href":"https:\/\/api.w.org\/{rel}","templated":true}]}}