{"id":4900,"date":"2024-05-20T18:12:12","date_gmt":"2024-05-22T13:27:31","guid":{"rendered":"https:\/\/www.fracchiolla.it\/?post_type=product&#038;p=4900"},"modified":"2024-05-22T15:27:32","modified_gmt":"2024-05-22T13:27:32","slug":"n-1-cuve-de-stockage-de-20hl","status":"publish","type":"product","link":"https:\/\/www.fracchiolla.it\/fr\/prodotto\/n-1-cuve-de-stockage-de-20hl\/","title":{"rendered":"N.1 Cuve de stockage de 20hl"},"content":{"rendered":"","protected":false},"excerpt":{"rendered":"<p> en acier inox AISI 316L.<br \/>\nFinition int\u00e9rieure\/ext\u00e9rieure : BA (Miroir)\/ BA (Miroir).<br \/>\nSur Jambes et Pieds r\u00e9glables.<\/p>\n<p>DIMENSIONS :  Diam\u00e8tre 1433mm   &#8211;   Hauteur des Jambes 600mm \u2013<br \/>\nHauteur Totale 2200mm.<\/p>\n<p>ACCESSOIRES :<br \/>\nN.1 Trous d\u2019hommes sup\u00e9rieure en fa\u00e7ade d.500mm anti-r\u00e9tention ;<br \/>\nN.1 Bride UNI 2278 PN16 DN125 sur le toit, pour votre agitateur ;<br \/>\nN.1 Surface d\u2019\u00e9change thermique \u00e0 nid d\u2019abeille h=750mm sur le cylindre ;<br \/>\nN.1 Surface d\u2019\u00e9change thermique \u00e0 nid d\u2019abeille sur le fond.<br \/>\nNotre R\u00e9f. N.7922\/01. <\/p>\n","protected":false},"featured_media":7416,"template":"","meta":{"inline_featured_image":false},"product_brand":[],"product_cat":[120],"product_tag":[],"class_list":{"0":"post-4900","1":"product","2":"type-product","3":"status-publish","4":"has-post-thumbnail","6":"product_cat-pret-pour-la-livraison","8":"first","9":"instock","10":"shipping-taxable","11":"product-type-simple"},"_links":{"self":[{"href":"https:\/\/www.fracchiolla.it\/fr\/wp-json\/wp\/v2\/product\/4900","targetHints":{"allow":["GET"]}}],"collection":[{"href":"https:\/\/www.fracchiolla.it\/fr\/wp-json\/wp\/v2\/product"}],"about":[{"href":"https:\/\/www.fracchiolla.it\/fr\/wp-json\/wp\/v2\/types\/product"}],"wp:featuredmedia":[{"embeddable":true,"href":"https:\/\/www.fracchiolla.it\/fr\/wp-json\/wp\/v2\/media\/7416"}],"wp:attachment":[{"href":"https:\/\/www.fracchiolla.it\/fr\/wp-json\/wp\/v2\/media?parent=4900"}],"wp:term":[{"taxonomy":"product_brand","embeddable":true,"href":"https:\/\/www.fracchiolla.it\/fr\/wp-json\/wp\/v2\/product_brand?post=4900"},{"taxonomy":"product_cat","embeddable":true,"href":"https:\/\/www.fracchiolla.it\/fr\/wp-json\/wp\/v2\/product_cat?post=4900"},{"taxonomy":"product_tag","embeddable":true,"href":"https:\/\/www.fracchiolla.it\/fr\/wp-json\/wp\/v2\/product_tag?post=4900"}],"curies":[{"name":"wp","href":"https:\/\/api.w.org\/{rel}","templated":true}]}}