{"id":4008,"date":"2020-11-01T22:26:09","date_gmt":"2020-11-08T18:17:42","guid":{"rendered":"https:\/\/www.fracchiolla.it\/?post_type=product&#038;p=4008"},"modified":"2024-05-03T17:22:35","modified_gmt":"2024-05-03T15:22:35","slug":"n-1-filtre-a-haute-pression-alla-barese-250-litri-250litri","status":"publish","type":"product","link":"https:\/\/www.fracchiolla.it\/fr\/prodotto\/n-1-filtre-a-haute-pression-alla-barese-250-litri-250litri\/","title":{"rendered":"N.1 Vinificateur \u00e0 vidange automatique 200hl"},"content":{"rendered":"","protected":false},"excerpt":{"rendered":"<p><strong>N.1 Vinificateur \u00e0 vidange automatique 200hl <\/strong>en acier inox AISI 304.<\/p>\n<p>Finitions int\u00e9rieure\/ext\u00e9rieure\u00a0: BA\/Bouchonn\u00e9e<\/p>\n<p><strong>DIMENSIONS:\u00a0 <\/strong><\/p>\n<p>Diam\u00e8tre 2500mm-Hauteur des Jambes 900mm\u2013Hauteur Totale 5849mm.<\/p>\n<p><strong>ACCESSOIRES:<\/strong><\/p>\n<p>N.1 Trous d\u2019homme sup\u00e9rieure centrale d.400mm Anti-r\u00e9tention ;<\/p>\n<p>N.1 Trous d\u2019homme sup\u00e9rieure excentr\u00e9 d.400mm Anti-r\u00e9tention ;<\/p>\n<p>N.1 Vanne \u00e0 boule 304 DIN f. 65x65mm DIN f. D\u00e9charge aux claires ;<\/p>\n<p>N.1 Vanne \u00e0 boule 304 DIN f. 65x65mm DIN f. D\u00e9charge Totale ;<\/p>\n<p>N.1 Vanne \u00e0 boule 304 DIN f. 65x65mm DIN f. apr\u00e8s la pompe ;<\/p>\n<p>N.1 Vanne \u00e0 boule 304 DIN f. 65x65mm DIN f. avant de la pompe ;<\/p>\n<p>N.1 Port \u00e0 Guillotin 405&#215;530 mm\u00a0\u00e0 ouverture pneumatique ;<\/p>\n<p>N.1 Double Pelle d\u2019extraction de marc de raisin, en fa\u00e7ade ;<\/p>\n<p>N.1 Pompe de remontage LIVERANI EP-MAJOR 60;<\/p>\n<p>N.1 Panneau \u00e9lectrique pour activer la Pompe de remontage, le groupe \u2026\u2026\u2026d\u2019extraction, l\u2019\u00c9pandeur motoris\u00e9 et la porte \u00e0 ouverture pneumatique \u2026\u2026..(SANS TERMOREGOLATION)<\/p>\n<p>N.1 \u00e9pandeur rotative \u00e0 palette ; N.1 Coulon de remontage d.70mm ;<\/p>\n<p>N.1 Poche de r\u00e9frig\u00e9ration \u00e0 nid d\u2019abeille h=970mm ;<\/p>\n<p>Calorifugeage en poly\u00e9thyl\u00e8ne (\u00e9p.=30mm) de la poche de r\u00e9frig\u00e9ration<\/p>\n<p>N.1 Thermom\u00e8tre digitale et pris de sonde ; Vanne de d\u00e9gustation.<\/p>\n<p><u>Notre R\u00e9f. N.6611\/13. <\/u><\/p>\n","protected":false},"featured_media":7440,"template":"","meta":{"inline_featured_image":false},"product_brand":[],"product_cat":[120],"product_tag":[],"class_list":{"0":"post-4008","1":"product","2":"type-product","3":"status-publish","4":"has-post-thumbnail","6":"product_cat-pret-pour-la-livraison","8":"first","9":"instock","10":"shipping-taxable","11":"product-type-simple"},"_links":{"self":[{"href":"https:\/\/www.fracchiolla.it\/fr\/wp-json\/wp\/v2\/product\/4008","targetHints":{"allow":["GET"]}}],"collection":[{"href":"https:\/\/www.fracchiolla.it\/fr\/wp-json\/wp\/v2\/product"}],"about":[{"href":"https:\/\/www.fracchiolla.it\/fr\/wp-json\/wp\/v2\/types\/product"}],"wp:featuredmedia":[{"embeddable":true,"href":"https:\/\/www.fracchiolla.it\/fr\/wp-json\/wp\/v2\/media\/7440"}],"wp:attachment":[{"href":"https:\/\/www.fracchiolla.it\/fr\/wp-json\/wp\/v2\/media?parent=4008"}],"wp:term":[{"taxonomy":"product_brand","embeddable":true,"href":"https:\/\/www.fracchiolla.it\/fr\/wp-json\/wp\/v2\/product_brand?post=4008"},{"taxonomy":"product_cat","embeddable":true,"href":"https:\/\/www.fracchiolla.it\/fr\/wp-json\/wp\/v2\/product_cat?post=4008"},{"taxonomy":"product_tag","embeddable":true,"href":"https:\/\/www.fracchiolla.it\/fr\/wp-json\/wp\/v2\/product_tag?post=4008"}],"curies":[{"name":"wp","href":"https:\/\/api.w.org\/{rel}","templated":true}]}}