{"id":4007,"date":"2020-11-01T22:25:07","date_gmt":"2020-11-08T18:17:24","guid":{"rendered":"https:\/\/www.fracchiolla.it\/?post_type=product&#038;p=4007"},"modified":"2024-05-03T17:23:44","modified_gmt":"2024-05-03T15:23:44","slug":"n-1-serbatoi-stoccaggio-da-570-litri","status":"publish","type":"product","link":"https:\/\/www.fracchiolla.it\/fr\/prodotto\/n-1-serbatoi-stoccaggio-da-570-litri\/","title":{"rendered":"N.3 Vinificatore a scarico automatico 247hl"},"content":{"rendered":"","protected":false},"excerpt":{"rendered":"<p><strong>\u00a0<\/strong>en acier inox AISI 304.<\/p>\n<p>Finition int\u00e9rieure : BA \u2013 Finition ext\u00e9rieure : Bouchonn\u00e9e.<\/p>\n<p><strong>DIMENSIONS\u00a0:\u00a0 <\/strong><\/p>\n<p>Diam\u00e8tre 2500mm-Hauteur des Jambes 850mm\u2013Hauteur Totale 6470mm.<\/p>\n<p><strong>ACCESSOIRES :<\/strong> N.2 Trous d\u2019hommes sup\u00e9rieures \u00d8400mm anti-r\u00e9tention ;<\/p>\n<p>N.1 Vanne \u00e0 boule 304 DIN f. 50x50mm DIN f. D\u00e9charge aux claires ;<\/p>\n<p>N.1 Vanne \u00e0 boule 304 DIN f. 80x80mm DIN f. D\u00e9charge Totale ;<\/p>\n<p>N.1 Vanne \u00e0 boule 304 DIN f. 65x65mm DIN f. avant la pompe ;<\/p>\n<p>N.1 Vanne \u00e0 boule 304 DIN f. 65x65mm DIN f. apr\u00e8s la pompe ;<\/p>\n<p>N.1 Porte rectangulaire 400x530mm ouverture ext\u00e9rieure<\/p>\n<p>N.1 Porte rectangulaire 300x300mm \u00e0 ouvert. Pneumatique, et piston pneum.<\/p>\n<p>N.1 Double Pelle d\u2019extraction de marc de raisin ; Group moto r\u00e9ducteur 3,0kW;<\/p>\n<p>N.1 Pompe de remontage LIVERANI EP-MAJOR 60, 18mc\/h;<\/p>\n<p>N.1 Panneau \u00e9lectrique pour activer la Pompe de remontage, le groupe \u2026\u2026\u2026d\u2019extraction et l\u2019\u00c9pandeur motoris\u00e9 (SANS TERMOREGOLATION)<\/p>\n<p>N.1 \u00c9pandeur Motoris\u00e9 \u00e0 disque 0,25kW;<\/p>\n<p>N.1 Coulon de remontage d\u00e9montable d.70mm;<\/p>\n<p>N.1 Poche de r\u00e9frig\u00e9ration \u00e0 nid d\u2019abeille h=970mm;<\/p>\n<p>N.1 Poche de r\u00e9frig\u00e9ration \u00e0 nid d\u2019abeille h=1.220mm;<\/p>\n<p>Calorifugeage en feuilles de poly\u00e9thyl\u00e8ne adh\u00e9sive de la poche de r\u00e9frig\u00e9ration<\/p>\n<p>N.1 Thermom\u00e8tre analogique et pris de sonde Gas f. \u00d81\/4\u201d L=200mm;<\/p>\n<p>N.1 Soupape de ventilation \u00d82\u201d en MOPLEN; Vanne de d\u00e9gustation; Support de la passerelle.<\/p>\n<p><u>Notre R\u00e9f. N.7584\/01. <\/u><\/p>\n","protected":false},"featured_media":7446,"template":"","meta":{"inline_featured_image":false},"product_brand":[],"product_cat":[120],"product_tag":[],"class_list":{"0":"post-4007","1":"product","2":"type-product","3":"status-publish","4":"has-post-thumbnail","6":"product_cat-pret-pour-la-livraison","8":"first","9":"instock","10":"shipping-taxable","11":"product-type-simple"},"_links":{"self":[{"href":"https:\/\/www.fracchiolla.it\/fr\/wp-json\/wp\/v2\/product\/4007","targetHints":{"allow":["GET"]}}],"collection":[{"href":"https:\/\/www.fracchiolla.it\/fr\/wp-json\/wp\/v2\/product"}],"about":[{"href":"https:\/\/www.fracchiolla.it\/fr\/wp-json\/wp\/v2\/types\/product"}],"wp:featuredmedia":[{"embeddable":true,"href":"https:\/\/www.fracchiolla.it\/fr\/wp-json\/wp\/v2\/media\/7446"}],"wp:attachment":[{"href":"https:\/\/www.fracchiolla.it\/fr\/wp-json\/wp\/v2\/media?parent=4007"}],"wp:term":[{"taxonomy":"product_brand","embeddable":true,"href":"https:\/\/www.fracchiolla.it\/fr\/wp-json\/wp\/v2\/product_brand?post=4007"},{"taxonomy":"product_cat","embeddable":true,"href":"https:\/\/www.fracchiolla.it\/fr\/wp-json\/wp\/v2\/product_cat?post=4007"},{"taxonomy":"product_tag","embeddable":true,"href":"https:\/\/www.fracchiolla.it\/fr\/wp-json\/wp\/v2\/product_tag?post=4007"}],"curies":[{"name":"wp","href":"https:\/\/api.w.org\/{rel}","templated":true}]}}