{"id":4002,"date":"2020-11-01T22:17:36","date_gmt":"2020-11-08T18:14:20","guid":{"rendered":"https:\/\/www.fracchiolla.it\/?post_type=product&#038;p=4002"},"modified":"2024-05-16T15:55:57","modified_gmt":"2024-05-16T13:55:57","slug":"n-1-presse-horizontale-duveteux-25hl-a-cuve-fermee-techno-press","status":"publish","type":"product","link":"https:\/\/www.fracchiolla.it\/fr\/prodotto\/n-1-presse-horizontale-duveteux-25hl-a-cuve-fermee-techno-press\/","title":{"rendered":"N.1 Vinificateurs \u00e0 fond plat inclin\u00e9 25hl"},"content":{"rendered":"","protected":false},"excerpt":{"rendered":"<p><strong>\u00a0<\/strong>en acier inox AISI 304.<\/p>\n<p>Finition int\u00e9rieure : BA \u2013 Finition ext\u00e9rieure : Bouchonn\u00e9e.<\/p>\n<p><strong>DIMENSIONS :\u00a0 <\/strong><\/p>\n<p>Diam\u00e8tre 1320mm-Hauteur des Jambes 600mm \u2013 Hauteur Totale 2750mm.<\/p>\n<p><strong>ACCESSOIRES :<\/strong><\/p>\n<p>N.1 Trous d\u2019homme sup\u00e9rieure centrale d.400mm (normale);<\/p>\n<p>N.1 Vanne \u00e0 boule 304 DIN 50x50mm DIN m. D\u00e9charge aux claires ;<\/p>\n<p>N.1 Vanne \u00e0 boule 304 DIN 50x50mm DIN m. D\u00e9charge Totale ;<\/p>\n<p>N.1 Porte rectangulaire530x420mm ouverture ext\u00e9rieure ;<\/p>\n<p>N.1 Poche de r\u00e9frig\u00e9ration \u00e0 nid d\u2019abeille h=625mm<\/p>\n<p>N.1 Thermom\u00e8tre analogique et pris de sonde ;<\/p>\n<p>N.1 Barreau d\u2019appui d\u2019\u00e9chelle ; Vanne de d\u00e9gustation.<\/p>\n<p><u>Notre R\u00e9f. N.7441\/01. <\/u><\/p>\n","protected":false},"featured_media":7452,"template":"","meta":{"inline_featured_image":false},"product_brand":[],"product_cat":[120],"product_tag":[],"class_list":{"0":"post-4002","1":"product","2":"type-product","3":"status-publish","4":"has-post-thumbnail","6":"product_cat-pret-pour-la-livraison","8":"first","9":"instock","10":"shipping-taxable","11":"product-type-simple"},"_links":{"self":[{"href":"https:\/\/www.fracchiolla.it\/fr\/wp-json\/wp\/v2\/product\/4002","targetHints":{"allow":["GET"]}}],"collection":[{"href":"https:\/\/www.fracchiolla.it\/fr\/wp-json\/wp\/v2\/product"}],"about":[{"href":"https:\/\/www.fracchiolla.it\/fr\/wp-json\/wp\/v2\/types\/product"}],"wp:featuredmedia":[{"embeddable":true,"href":"https:\/\/www.fracchiolla.it\/fr\/wp-json\/wp\/v2\/media\/7452"}],"wp:attachment":[{"href":"https:\/\/www.fracchiolla.it\/fr\/wp-json\/wp\/v2\/media?parent=4002"}],"wp:term":[{"taxonomy":"product_brand","embeddable":true,"href":"https:\/\/www.fracchiolla.it\/fr\/wp-json\/wp\/v2\/product_brand?post=4002"},{"taxonomy":"product_cat","embeddable":true,"href":"https:\/\/www.fracchiolla.it\/fr\/wp-json\/wp\/v2\/product_cat?post=4002"},{"taxonomy":"product_tag","embeddable":true,"href":"https:\/\/www.fracchiolla.it\/fr\/wp-json\/wp\/v2\/product_tag?post=4002"}],"curies":[{"name":"wp","href":"https:\/\/api.w.org\/{rel}","templated":true}]}}