{"id":4001,"date":"2020-11-01T22:14:33","date_gmt":"2020-11-08T18:13:58","guid":{"rendered":"https:\/\/www.fracchiolla.it\/?post_type=product&#038;p=4001"},"modified":"2024-07-12T16:12:06","modified_gmt":"2024-07-12T14:12:06","slug":"n-1-fermenteur-de-biere-20hl","status":"publish","type":"product","link":"https:\/\/www.fracchiolla.it\/fr\/prodotto\/n-1-fermenteur-de-biere-20hl\/","title":{"rendered":"N.1 Vinificateurs \u00e0 fond plat inclin\u00e9 25hl"},"content":{"rendered":"","protected":false},"excerpt":{"rendered":"<p><strong>\u00a0<\/strong>en acier inox AISI 304.<\/p>\n<p>Finition int\u00e9rieure : BA \u2013 Finition ext\u00e9rieure : Bouchonn\u00e9e.<\/p>\n<p><strong>DIMENSIONS :\u00a0 <\/strong><\/p>\n<p>Diam\u00e8tre 1194mm-Hauteur des Jambes 470mm\u2013Hauteur Totale 3136mm.<\/p>\n<p><strong>ACCESSOIRES : <\/strong>N.1 Trous d\u2019homme sup\u00e9rieure centr. d.400mm Anti-r\u00e9tention ;<\/p>\n<p>N.1 Vanne \u00e0 boule 304 DIN f. 50x50mm DIN f. D\u00e9charge aux claires ;<\/p>\n<p>N.1 Vanne \u00e0 boule 304 DIN f. 50x50mm DIN f. D\u00e9charge Totale ;<\/p>\n<p>N.1 Porte rectangulaire530x400mm \u00e0 ouverture ext\u00e9rieure ;<\/p>\n<p>N.1 Poche de r\u00e9frig\u00e9ration \u00e0 nid d\u2019abeille h=1470mm;<\/p>\n<p>Calorifugeage en poly\u00e9thyl\u00e8ne (\u00e9p.=30mm) de la poche de r\u00e9frig\u00e9ration<\/p>\n<p>N.1 Thermom\u00e8tre analogique et pris de sonde ;<\/p>\n<p>N.1 Barreau d\u2019appui d\u2019\u00e9chelle ; Vanne de d\u00e9gustation.<\/p>\n<p><u>Notre R\u00e9f. N.7561\/04. <\/u><\/p>\n","protected":false},"featured_media":7458,"template":"","meta":{"inline_featured_image":false},"product_brand":[],"product_cat":[120],"product_tag":[],"class_list":{"0":"post-4001","1":"product","2":"type-product","3":"status-publish","4":"has-post-thumbnail","6":"product_cat-pret-pour-la-livraison","8":"first","9":"instock","10":"shipping-taxable","11":"product-type-simple"},"_links":{"self":[{"href":"https:\/\/www.fracchiolla.it\/fr\/wp-json\/wp\/v2\/product\/4001","targetHints":{"allow":["GET"]}}],"collection":[{"href":"https:\/\/www.fracchiolla.it\/fr\/wp-json\/wp\/v2\/product"}],"about":[{"href":"https:\/\/www.fracchiolla.it\/fr\/wp-json\/wp\/v2\/types\/product"}],"wp:featuredmedia":[{"embeddable":true,"href":"https:\/\/www.fracchiolla.it\/fr\/wp-json\/wp\/v2\/media\/7458"}],"wp:attachment":[{"href":"https:\/\/www.fracchiolla.it\/fr\/wp-json\/wp\/v2\/media?parent=4001"}],"wp:term":[{"taxonomy":"product_brand","embeddable":true,"href":"https:\/\/www.fracchiolla.it\/fr\/wp-json\/wp\/v2\/product_brand?post=4001"},{"taxonomy":"product_cat","embeddable":true,"href":"https:\/\/www.fracchiolla.it\/fr\/wp-json\/wp\/v2\/product_cat?post=4001"},{"taxonomy":"product_tag","embeddable":true,"href":"https:\/\/www.fracchiolla.it\/fr\/wp-json\/wp\/v2\/product_tag?post=4001"}],"curies":[{"name":"wp","href":"https:\/\/api.w.org\/{rel}","templated":true}]}}