{"id":4000,"date":"2020-11-01T22:10:42","date_gmt":"2020-11-08T18:13:29","guid":{"rendered":"https:\/\/www.fracchiolla.it\/?post_type=product&#038;p=4000"},"modified":"2024-05-03T17:30:39","modified_gmt":"2024-05-03T15:30:39","slug":"n-1-cuve-de-stockage-30hl","status":"publish","type":"product","link":"https:\/\/www.fracchiolla.it\/fr\/prodotto\/n-1-cuve-de-stockage-30hl\/","title":{"rendered":"N.1 Vinificateur \u00e0 fond plat inclin\u00e9 et forme conique invers\u00e9e 60hl"},"content":{"rendered":"","protected":false},"excerpt":{"rendered":"<p>&nbsp;<\/p>\n<p>en acier inox AISI 304, Toit AISI 316L. Finitions int\u00e9rieure\/ext\u00e9r. BA\/Bouchonn\u00e9e.<\/p>\n<p><strong>DIMENSIONS:\u00a0 <\/strong><\/p>\n<p>Diam\u00e8tre 2450mm &#8211; Hauteur des Jambes 650mm\u2013Hauteur Totale 2937mm.<\/p>\n<p><strong>ACCESSOIRES:<\/strong><\/p>\n<p>N.1 Trous d\u2019homme sup\u00e9rieure centrale d.890mm Anti-r\u00e9tention ;<\/p>\n<p>N.1 Trous d\u2019homme sup\u00e9rieure excentr\u00e9 d.400mm Anti-r\u00e9tention ;<\/p>\n<p>N.1 Vanne \u00e0 boule 304 DIN f. 50x50mm DIN f. D\u00e9charge aux claires ;<\/p>\n<p>N.1 Vanne \u00e0 boule 304 DIN f. 50x50mm DIN f. D\u00e9charge Totale ;<\/p>\n<p>N.1 Porte rectangulaire 400x530mm \u00e0 ouverture ext\u00e9rieure ;<\/p>\n<p>N.1 Grill d\u2019\u00e9gouttage d\u00e9montable \u00e0 trous oblongs ;<\/p>\n<p>N.1 Poche de r\u00e9frig\u00e9ration \u00e0 nid d\u2019abeille ;<\/p>\n<p>N.1 Thermom\u00e8tre digitale et pris de sonde ;<\/p>\n<p>N.1 Barreau d\u2019appui d\u2019\u00e9chelle ; Vanne de d\u00e9gustation.<\/p>\n<p><u>Notre R\u00e9f. N.6611\/12. <\/u><\/p>\n","protected":false},"featured_media":7464,"template":"","meta":{"inline_featured_image":false},"product_brand":[],"product_cat":[120],"product_tag":[],"class_list":{"0":"post-4000","1":"product","2":"type-product","3":"status-publish","4":"has-post-thumbnail","6":"product_cat-pret-pour-la-livraison","8":"first","9":"instock","10":"shipping-taxable","11":"product-type-simple"},"_links":{"self":[{"href":"https:\/\/www.fracchiolla.it\/fr\/wp-json\/wp\/v2\/product\/4000","targetHints":{"allow":["GET"]}}],"collection":[{"href":"https:\/\/www.fracchiolla.it\/fr\/wp-json\/wp\/v2\/product"}],"about":[{"href":"https:\/\/www.fracchiolla.it\/fr\/wp-json\/wp\/v2\/types\/product"}],"wp:featuredmedia":[{"embeddable":true,"href":"https:\/\/www.fracchiolla.it\/fr\/wp-json\/wp\/v2\/media\/7464"}],"wp:attachment":[{"href":"https:\/\/www.fracchiolla.it\/fr\/wp-json\/wp\/v2\/media?parent=4000"}],"wp:term":[{"taxonomy":"product_brand","embeddable":true,"href":"https:\/\/www.fracchiolla.it\/fr\/wp-json\/wp\/v2\/product_brand?post=4000"},{"taxonomy":"product_cat","embeddable":true,"href":"https:\/\/www.fracchiolla.it\/fr\/wp-json\/wp\/v2\/product_cat?post=4000"},{"taxonomy":"product_tag","embeddable":true,"href":"https:\/\/www.fracchiolla.it\/fr\/wp-json\/wp\/v2\/product_tag?post=4000"}],"curies":[{"name":"wp","href":"https:\/\/api.w.org\/{rel}","templated":true}]}}