{"id":3872,"date":"2020-10-30T12:49:24","date_gmt":"2020-11-08T15:48:55","guid":{"rendered":"https:\/\/www.fracchiolla.it\/?post_type=product&#038;p=3872"},"modified":"2024-04-29T11:18:57","modified_gmt":"2024-04-29T09:18:57","slug":"reacteur","status":"publish","type":"product","link":"https:\/\/www.fracchiolla.it\/fr\/prodotto\/reacteur\/","title":{"rendered":"R\u00c9ACTEUR"},"content":{"rendered":"","protected":false},"excerpt":{"rendered":"<p>Cuves verticaux et horizontaux en acier inoxydable. Con\u00e7u, suite \u00e0 une \u00e9valuation technologique, pour acc\u00e9l\u00e9rer et favoriser les processus de r\u00e9action chimique au profit de l&#8217;efficacit\u00e9 et avec des co\u00fbts d&#8217;exercice r\u00e9duits.<br \/>\nCertificats PED. Pression de service: sur demande du client.<br \/>\nTemp\u00e9rature de service: sur demande du client.<br \/>\nAccessoires et syst\u00e8mes de chauffage et de r\u00e9frig\u00e9ration personnalisables en fonction des exigences de l&#8217;installation et du processus.<\/p>\n","protected":false},"featured_media":8669,"template":"","meta":{"inline_featured_image":false},"product_brand":[],"product_cat":[95],"product_tag":[],"class_list":{"0":"post-3872","1":"product","2":"type-product","3":"status-publish","4":"has-post-thumbnail","6":"product_cat-secteur-chimique-et-pharmaceutique","8":"first","9":"instock","10":"shipping-taxable","11":"product-type-simple"},"_links":{"self":[{"href":"https:\/\/www.fracchiolla.it\/fr\/wp-json\/wp\/v2\/product\/3872","targetHints":{"allow":["GET"]}}],"collection":[{"href":"https:\/\/www.fracchiolla.it\/fr\/wp-json\/wp\/v2\/product"}],"about":[{"href":"https:\/\/www.fracchiolla.it\/fr\/wp-json\/wp\/v2\/types\/product"}],"wp:featuredmedia":[{"embeddable":true,"href":"https:\/\/www.fracchiolla.it\/fr\/wp-json\/wp\/v2\/media\/8669"}],"wp:attachment":[{"href":"https:\/\/www.fracchiolla.it\/fr\/wp-json\/wp\/v2\/media?parent=3872"}],"wp:term":[{"taxonomy":"product_brand","embeddable":true,"href":"https:\/\/www.fracchiolla.it\/fr\/wp-json\/wp\/v2\/product_brand?post=3872"},{"taxonomy":"product_cat","embeddable":true,"href":"https:\/\/www.fracchiolla.it\/fr\/wp-json\/wp\/v2\/product_cat?post=3872"},{"taxonomy":"product_tag","embeddable":true,"href":"https:\/\/www.fracchiolla.it\/fr\/wp-json\/wp\/v2\/product_tag?post=3872"}],"curies":[{"name":"wp","href":"https:\/\/api.w.org\/{rel}","templated":true}]}}