{"id":3867,"date":"2024-10-21T08:39:19","date_gmt":"2020-11-08T15:44:33","guid":{"rendered":"https:\/\/www.fracchiolla.it\/?post_type=product&#038;p=3867"},"modified":"2025-07-23T12:22:41","modified_gmt":"2025-07-23T10:22:41","slug":"cuves-a-chapeau-flottant-sur-pieds","status":"publish","type":"product","link":"https:\/\/www.fracchiolla.it\/fr\/prodotto\/cuves-a-chapeau-flottant-sur-pieds\/","title":{"rendered":"CUVES \u00c0 CHAPEAU FLOTTANT SUR PIEDS"},"content":{"rendered":"","protected":false},"excerpt":{"rendered":"<p>Cuve construit enti\u00e8rement en acier inoxydable sur pieds fournis avec le kit pneumatique.<br \/>\nCette cuve, avec le fond install\u00e9 (conique ou plat) et la porte relative (ovale ou rectangulaire avec une ouverture externe), peut \u00eatre utilis\u00e9e soit uniquement pour stockage, soit pour la vinification \u00e0 d\u00e9chargement manuel.<br \/>\nCuve id\u00e9al pour l&#8217;installation dans les points de vente.<\/p>\n<p><a class=\"product-factsheet wplightbox\" href=\"https:\/\/www.fracchiolla.it\/wp-content\/uploads\/2020\/11\/Fracchiolla-Cuves-sur-pieds-a-chapeau-flottant-FRA-1.pdf\" target=\"_blank\" rel=\"noopener\" data-cmp-ab=\"2\"><b>Fiche technique<\/b><\/a><\/p>\n<p><a href=\"https:\/\/www.fracchiolla.it\/fr\/production\/\" data-cmp-ab=\"2\">D\u00e9couvrez les productions<\/a><\/p>\n","protected":false},"featured_media":5987,"template":"","meta":{"inline_featured_image":false},"product_brand":[],"product_cat":[93],"product_tag":[],"class_list":{"0":"post-3867","1":"product","2":"type-product","3":"status-publish","4":"has-post-thumbnail","6":"product_cat-secteur-oenologique","8":"first","9":"instock","10":"shipping-taxable","11":"product-type-simple"},"_links":{"self":[{"href":"https:\/\/www.fracchiolla.it\/fr\/wp-json\/wp\/v2\/product\/3867","targetHints":{"allow":["GET"]}}],"collection":[{"href":"https:\/\/www.fracchiolla.it\/fr\/wp-json\/wp\/v2\/product"}],"about":[{"href":"https:\/\/www.fracchiolla.it\/fr\/wp-json\/wp\/v2\/types\/product"}],"wp:featuredmedia":[{"embeddable":true,"href":"https:\/\/www.fracchiolla.it\/fr\/wp-json\/wp\/v2\/media\/5987"}],"wp:attachment":[{"href":"https:\/\/www.fracchiolla.it\/fr\/wp-json\/wp\/v2\/media?parent=3867"}],"wp:term":[{"taxonomy":"product_brand","embeddable":true,"href":"https:\/\/www.fracchiolla.it\/fr\/wp-json\/wp\/v2\/product_brand?post=3867"},{"taxonomy":"product_cat","embeddable":true,"href":"https:\/\/www.fracchiolla.it\/fr\/wp-json\/wp\/v2\/product_cat?post=3867"},{"taxonomy":"product_tag","embeddable":true,"href":"https:\/\/www.fracchiolla.it\/fr\/wp-json\/wp\/v2\/product_tag?post=3867"}],"curies":[{"name":"wp","href":"https:\/\/api.w.org\/{rel}","templated":true}]}}