{"id":3865,"date":"2024-10-27T12:36:19","date_gmt":"2020-11-08T15:39:33","guid":{"rendered":"https:\/\/www.fracchiolla.it\/?post_type=product&#038;p=3865"},"modified":"2025-07-23T12:07:27","modified_gmt":"2025-07-23T10:07:27","slug":"vinificateurs-avec-fond-plat-incline-a-3-avec-surface-dechange-isolee-en-nid-dabeille","status":"publish","type":"product","link":"https:\/\/www.fracchiolla.it\/fr\/prodotto\/vinificateurs-avec-fond-plat-incline-a-3-avec-surface-dechange-isolee-en-nid-dabeille\/","title":{"rendered":"VINIFICATEURS AVEC FOND PLAT INCLIN\u00c9 \u00c0 3% AVEC SURFACE D\u2019ECHANGE ISOL\u00c9E EN NID D&#8217;ABEILLE"},"content":{"rendered":"","protected":false},"excerpt":{"rendered":"<p>VINIFICATEUR traditionnel \u00e0 fond plat inclin\u00e9 en acier inoxydable sur pieds.<br \/>\n\u00c9quip\u00e9 d&#8217;une surface d\u2019\u00e9change de r\u00e9frig\u00e9ration en nid d&#8217;abeille en version isol\u00e9e.<br \/>\nLa version &#8220;d\u00e9chargement automatique&#8221; du VINIFICATEUR est disponible sur demande, \u00e9quip\u00e9e des pelles d&#8217;extraction et d&#8217;un motor\u00e9ducteur pour l&#8217;extraction automatique du marc.<\/p>\n<p><a class=\"product-factsheet wplightbox\" href=\"https:\/\/www.fracchiolla.it\/wp-content\/uploads\/2020\/11\/Fracchiolla-Vinificateurs-fond-plat-incline-3-avec-surface-dechange-en-nid-dabeille-sur-pieds.pdf\" target=\"_blank\" rel=\"noopener\" data-cmp-ab=\"2\"><b>Fiche technique<\/b><\/a><\/p>\n<p><a href=\"https:\/\/www.fracchiolla.it\/fr\/production\/\" data-cmp-ab=\"2\">D\u00e9couvrez les productions<\/a><\/p>\n","protected":false},"featured_media":5927,"template":"","meta":{"inline_featured_image":false},"product_brand":[],"product_cat":[93],"product_tag":[],"class_list":{"0":"post-3865","1":"product","2":"type-product","3":"status-publish","4":"has-post-thumbnail","6":"product_cat-secteur-oenologique","8":"first","9":"instock","10":"shipping-taxable","11":"product-type-simple"},"_links":{"self":[{"href":"https:\/\/www.fracchiolla.it\/fr\/wp-json\/wp\/v2\/product\/3865","targetHints":{"allow":["GET"]}}],"collection":[{"href":"https:\/\/www.fracchiolla.it\/fr\/wp-json\/wp\/v2\/product"}],"about":[{"href":"https:\/\/www.fracchiolla.it\/fr\/wp-json\/wp\/v2\/types\/product"}],"wp:featuredmedia":[{"embeddable":true,"href":"https:\/\/www.fracchiolla.it\/fr\/wp-json\/wp\/v2\/media\/5927"}],"wp:attachment":[{"href":"https:\/\/www.fracchiolla.it\/fr\/wp-json\/wp\/v2\/media?parent=3865"}],"wp:term":[{"taxonomy":"product_brand","embeddable":true,"href":"https:\/\/www.fracchiolla.it\/fr\/wp-json\/wp\/v2\/product_brand?post=3865"},{"taxonomy":"product_cat","embeddable":true,"href":"https:\/\/www.fracchiolla.it\/fr\/wp-json\/wp\/v2\/product_cat?post=3865"},{"taxonomy":"product_tag","embeddable":true,"href":"https:\/\/www.fracchiolla.it\/fr\/wp-json\/wp\/v2\/product_tag?post=3865"}],"curies":[{"name":"wp","href":"https:\/\/api.w.org\/{rel}","templated":true}]}}