{"id":3863,"date":"2024-10-29T12:34:40","date_gmt":"2020-11-08T15:39:06","guid":{"rendered":"https:\/\/www.fracchiolla.it\/?post_type=product&#038;p=3863"},"modified":"2025-07-23T11:59:22","modified_gmt":"2025-07-23T09:59:22","slug":"vinificateurs-a-fond-plat-incline-a-3-avec-surface-dechange-en-nid-dabeille-sur-pieds","status":"publish","type":"product","link":"https:\/\/www.fracchiolla.it\/fr\/prodotto\/vinificateurs-a-fond-plat-incline-a-3-avec-surface-dechange-en-nid-dabeille-sur-pieds\/","title":{"rendered":"VINIFICATEURS \u00c0 FOND PLAT INCLIN\u00c9 \u00c0 3% AVEC SURFACE D\u2019ECHANGE EN NID D&#8217;ABEILLE SUR PIEDS"},"content":{"rendered":"","protected":false},"excerpt":{"rendered":"<p>VINIFICATEUR traditionnel \u00e0 fond plat inclin\u00e9 en acier inoxydable sur pieds<br \/>\n\u00c9quip\u00e9 d&#8217;une surface d\u2019\u00e9change de r\u00e9frig\u00e9ration en forme de nid d&#8217;abeille, il permet la mise en place d&#8217;une fermentation contr\u00f4l\u00e9e des raisins press\u00e9s, d&#8217;un soutirage efficace et d&#8217;un d\u00e9chargement simplifi\u00e9 du marc.<br \/>\nLa version &#8220;d\u00e9chargement automatique&#8221; du VINIFICATEUR est disponible sur demande, \u00e9quip\u00e9e des pelles d&#8217;extraction et d&#8217;un motor\u00e9ducteur pour l&#8217;extraction automatique du marc.<\/p>\n<p><a class=\"product-factsheet wplightbox\" href=\"https:\/\/www.fracchiolla.it\/wp-content\/uploads\/2020\/11\/Fracchiolla-Vinificateurs-fond-plat-incline-3-calorifugee-avec-surface-dechange-en-nid-dabeille-sur-pieds-FRA.pdf\" target=\"_blank\" rel=\"noopener\" data-cmp-ab=\"2\">\u00a0<b>Fiche technique<\/b><\/a><\/p>\n<p><a href=\"https:\/\/www.fracchiolla.it\/fr\/production\/\" data-cmp-ab=\"2\">D\u00e9couvrez les productions<\/a><\/p>\n","protected":false},"featured_media":5939,"template":"","meta":{"inline_featured_image":false},"product_brand":[],"product_cat":[93],"product_tag":[],"class_list":{"0":"post-3863","1":"product","2":"type-product","3":"status-publish","4":"has-post-thumbnail","6":"product_cat-secteur-oenologique","8":"first","9":"instock","10":"shipping-taxable","11":"product-type-simple"},"_links":{"self":[{"href":"https:\/\/www.fracchiolla.it\/fr\/wp-json\/wp\/v2\/product\/3863","targetHints":{"allow":["GET"]}}],"collection":[{"href":"https:\/\/www.fracchiolla.it\/fr\/wp-json\/wp\/v2\/product"}],"about":[{"href":"https:\/\/www.fracchiolla.it\/fr\/wp-json\/wp\/v2\/types\/product"}],"wp:featuredmedia":[{"embeddable":true,"href":"https:\/\/www.fracchiolla.it\/fr\/wp-json\/wp\/v2\/media\/5939"}],"wp:attachment":[{"href":"https:\/\/www.fracchiolla.it\/fr\/wp-json\/wp\/v2\/media?parent=3863"}],"wp:term":[{"taxonomy":"product_brand","embeddable":true,"href":"https:\/\/www.fracchiolla.it\/fr\/wp-json\/wp\/v2\/product_brand?post=3863"},{"taxonomy":"product_cat","embeddable":true,"href":"https:\/\/www.fracchiolla.it\/fr\/wp-json\/wp\/v2\/product_cat?post=3863"},{"taxonomy":"product_tag","embeddable":true,"href":"https:\/\/www.fracchiolla.it\/fr\/wp-json\/wp\/v2\/product_tag?post=3863"}],"curies":[{"name":"wp","href":"https:\/\/api.w.org\/{rel}","templated":true}]}}