{"id":3862,"date":"2024-10-30T12:32:26","date_gmt":"2020-11-08T15:34:44","guid":{"rendered":"https:\/\/www.fracchiolla.it\/?post_type=product&#038;p=3862"},"modified":"2025-07-23T11:52:59","modified_gmt":"2025-07-23T09:52:59","slug":"vignobleurs-avec-fond-plat-incline-a-3-sur-les-pieds","status":"publish","type":"product","link":"https:\/\/www.fracchiolla.it\/fr\/prodotto\/vignobleurs-avec-fond-plat-incline-a-3-sur-les-pieds\/","title":{"rendered":"VIGNOBLEURS AVEC FOND PLAT INCLIN\u00c9 \u00c0 3% SUR LES PIEDS"},"content":{"rendered":"","protected":false},"excerpt":{"rendered":"<p>VINIFICATEUR traditionnel \u00e0 fond plat inclin\u00e9 en acier inoxydable reposant sur des pieds.<\/p>\n<p><a class=\"product-factsheet wplightbox\" href=\"https:\/\/www.fracchiolla.it\/wp-content\/uploads\/2020\/11\/Fracchiolla-Vinificateurs-fond-plant-incline-3-sur-pieds-FRA.pdf\" target=\"_blank\" rel=\"noopener\" data-cmp-ab=\"2\"><b>Fiche technique<\/b><\/a><\/p>\n","protected":false},"featured_media":5945,"template":"","meta":{"inline_featured_image":false},"product_brand":[],"product_cat":[93],"product_tag":[],"class_list":{"0":"post-3862","1":"product","2":"type-product","3":"status-publish","4":"has-post-thumbnail","6":"product_cat-secteur-oenologique","8":"first","9":"instock","10":"shipping-taxable","11":"product-type-simple"},"_links":{"self":[{"href":"https:\/\/www.fracchiolla.it\/fr\/wp-json\/wp\/v2\/product\/3862","targetHints":{"allow":["GET"]}}],"collection":[{"href":"https:\/\/www.fracchiolla.it\/fr\/wp-json\/wp\/v2\/product"}],"about":[{"href":"https:\/\/www.fracchiolla.it\/fr\/wp-json\/wp\/v2\/types\/product"}],"wp:featuredmedia":[{"embeddable":true,"href":"https:\/\/www.fracchiolla.it\/fr\/wp-json\/wp\/v2\/media\/5945"}],"wp:attachment":[{"href":"https:\/\/www.fracchiolla.it\/fr\/wp-json\/wp\/v2\/media?parent=3862"}],"wp:term":[{"taxonomy":"product_brand","embeddable":true,"href":"https:\/\/www.fracchiolla.it\/fr\/wp-json\/wp\/v2\/product_brand?post=3862"},{"taxonomy":"product_cat","embeddable":true,"href":"https:\/\/www.fracchiolla.it\/fr\/wp-json\/wp\/v2\/product_cat?post=3862"},{"taxonomy":"product_tag","embeddable":true,"href":"https:\/\/www.fracchiolla.it\/fr\/wp-json\/wp\/v2\/product_tag?post=3862"}],"curies":[{"name":"wp","href":"https:\/\/api.w.org\/{rel}","templated":true}]}}