{"id":3861,"date":"2024-10-23T12:31:43","date_gmt":"2020-11-08T15:34:20","guid":{"rendered":"https:\/\/www.fracchiolla.it\/?post_type=product&#038;p=3861"},"modified":"2025-01-26T21:59:29","modified_gmt":"2025-01-26T19:59:29","slug":"vinificateurs-rotatifs","status":"publish","type":"product","link":"https:\/\/www.fracchiolla.it\/fr\/prodotto\/vinificateurs-rotatifs\/","title":{"rendered":"VINIFICATEURS ROTATIFS"},"content":{"rendered":"","protected":false},"excerpt":{"rendered":"<p>Outre la vinification traditionnelle des raisins rouges, le roto-vinificateur permet \u00e9galement la mac\u00e9ration carbonique et la cryomac\u00e9ration.<br \/>\nLes rotations courtes et lentes dans les deux sens, entrecoup\u00e9es de longues p\u00e9riodes de pause, ne sont possibles que gr\u00e2ce au septum r\u00e9frig\u00e9r\u00e9 particulier en contact direct avec le produit qui permet une immersion imm\u00e9diate des bourbes sans actions traumatiques, favorisant le contact intime entre le mo\u00fbt et le marc en fermentation avec tous les avantages qui en r\u00e9sultent.<br \/>\nVinification possible avec charges partielles, intervention sur les processus de fermentation avec thermor\u00e9gulation et macro-oxyg\u00e9nation, drainage statique efficace lors du soutirage, \u00e9vacuation automatique des marcs \u00e9puis\u00e9s.<br \/>\nL&#8217;utilisation du VINIFICATEUR comme mac\u00e9rateur carbonique et cuve de stockage inertis\u00e9e, aptitude au gerbage, sont les autres avantages de ce VINIFICATEUR pratique et polyvalent.<\/p>\n<p><a class=\"product-factsheet wplightbox\" href=\"https:\/\/www.fracchiolla.it\/wp-content\/uploads\/2020\/11\/Fracchiolla-Vinificateur-rotatif-FRA.pdf\" target=\"_blank\" rel=\"noopener\" data-cmp-ab=\"2\"><b>Fiche technique<\/b><\/a><\/p>\n<p><a href=\"https:\/\/www.fracchiolla.it\/fr\/production\/\" data-cmp-ab=\"2\">D\u00e9couvrez les productions<\/a><\/p>\n","protected":false},"featured_media":6799,"template":"","meta":{"inline_featured_image":false},"product_brand":[],"product_cat":[93],"product_tag":[],"class_list":{"0":"post-3861","1":"product","2":"type-product","3":"status-publish","4":"has-post-thumbnail","6":"product_cat-secteur-oenologique","8":"first","9":"instock","10":"shipping-taxable","11":"product-type-simple"},"_links":{"self":[{"href":"https:\/\/www.fracchiolla.it\/fr\/wp-json\/wp\/v2\/product\/3861","targetHints":{"allow":["GET"]}}],"collection":[{"href":"https:\/\/www.fracchiolla.it\/fr\/wp-json\/wp\/v2\/product"}],"about":[{"href":"https:\/\/www.fracchiolla.it\/fr\/wp-json\/wp\/v2\/types\/product"}],"wp:featuredmedia":[{"embeddable":true,"href":"https:\/\/www.fracchiolla.it\/fr\/wp-json\/wp\/v2\/media\/6799"}],"wp:attachment":[{"href":"https:\/\/www.fracchiolla.it\/fr\/wp-json\/wp\/v2\/media?parent=3861"}],"wp:term":[{"taxonomy":"product_brand","embeddable":true,"href":"https:\/\/www.fracchiolla.it\/fr\/wp-json\/wp\/v2\/product_brand?post=3861"},{"taxonomy":"product_cat","embeddable":true,"href":"https:\/\/www.fracchiolla.it\/fr\/wp-json\/wp\/v2\/product_cat?post=3861"},{"taxonomy":"product_tag","embeddable":true,"href":"https:\/\/www.fracchiolla.it\/fr\/wp-json\/wp\/v2\/product_tag?post=3861"}],"curies":[{"name":"wp","href":"https:\/\/api.w.org\/{rel}","templated":true}]}}