{"id":3860,"date":"2024-10-23T18:30:27","date_gmt":"2020-11-08T15:33:56","guid":{"rendered":"https:\/\/www.fracchiolla.it\/?post_type=product&#038;p=3860"},"modified":"2025-01-28T19:50:18","modified_gmt":"2025-01-28T17:50:18","slug":"vinificateurs-gioiello","status":"publish","type":"product","link":"https:\/\/www.fracchiolla.it\/fr\/prodotto\/vinificateurs-gioiello\/","title":{"rendered":"VINIFICATEURS GIOIELLO"},"content":{"rendered":"","protected":false},"excerpt":{"rendered":"<p>Gioiello permet, \u00e0 tout moment, la s\u00e9paration et l&#8217;\u00e9vacuation facile des substances.<br \/>\nGioiello peut \u00eatre utilis\u00e9, par exemple, comme machine \u00e0 laver, broyeur, infuseur, cuiseur, d\u00e9sinfectant antiparasitaire au dioxyde de carbone pour les solides de diff\u00e9rentes tailles.<br \/>\nLa structure de la machine se compose essentiellement d&#8217;un Cuves de confinement de fluide thermo-conditionn\u00e9, avec un panier rotatif perfor\u00e9 \u00e0 l&#8217;int\u00e9rieur pour le confinement du solide.<br \/>\nLa rotation du panier dans les deux sens, essentielle pour obtenir un traitement uniforme, peut \u00eatre programm\u00e9e directement \u00e0 partir du panneau de commande moderne qui vous permet de d\u00e9cider du nombre, la dur\u00e9e et le vitesse de rotation.<\/p>\n<p><a class=\"product-factsheet wplightbox\" href=\"https:\/\/www.fracchiolla.it\/wp-content\/uploads\/2020\/11\/Fracchiolla-Vinificateur-a-chapeau-submerge-Gioiello-FRA.pdf\" target=\"_blank\" rel=\"noopener\" data-cmp-ab=\"2\"><b>Fiche technique<\/b><\/a><\/p>\n<p><a href=\"https:\/\/www.fracchiolla.it\/fr\/production\/\" data-cmp-ab=\"2\">D\u00e9couvrez les productions<\/a><\/p>\n","protected":false},"featured_media":6774,"template":"","meta":{"inline_featured_image":false},"product_brand":[],"product_cat":[96,93],"product_tag":[],"class_list":{"0":"post-3860","1":"product","2":"type-product","3":"status-publish","4":"has-post-thumbnail","6":"product_cat-secteur-alimentaire","7":"product_cat-secteur-oenologique","9":"first","10":"instock","11":"shipping-taxable","12":"product-type-simple"},"_links":{"self":[{"href":"https:\/\/www.fracchiolla.it\/fr\/wp-json\/wp\/v2\/product\/3860","targetHints":{"allow":["GET"]}}],"collection":[{"href":"https:\/\/www.fracchiolla.it\/fr\/wp-json\/wp\/v2\/product"}],"about":[{"href":"https:\/\/www.fracchiolla.it\/fr\/wp-json\/wp\/v2\/types\/product"}],"wp:featuredmedia":[{"embeddable":true,"href":"https:\/\/www.fracchiolla.it\/fr\/wp-json\/wp\/v2\/media\/6774"}],"wp:attachment":[{"href":"https:\/\/www.fracchiolla.it\/fr\/wp-json\/wp\/v2\/media?parent=3860"}],"wp:term":[{"taxonomy":"product_brand","embeddable":true,"href":"https:\/\/www.fracchiolla.it\/fr\/wp-json\/wp\/v2\/product_brand?post=3860"},{"taxonomy":"product_cat","embeddable":true,"href":"https:\/\/www.fracchiolla.it\/fr\/wp-json\/wp\/v2\/product_cat?post=3860"},{"taxonomy":"product_tag","embeddable":true,"href":"https:\/\/www.fracchiolla.it\/fr\/wp-json\/wp\/v2\/product_tag?post=3860"}],"curies":[{"name":"wp","href":"https:\/\/api.w.org\/{rel}","templated":true}]}}