{"id":3857,"date":"2024-11-06T09:21:03","date_gmt":"2020-11-08T15:30:48","guid":{"rendered":"https:\/\/www.fracchiolla.it\/?post_type=product&#038;p=3857"},"modified":"2025-06-09T17:39:12","modified_gmt":"2025-06-09T15:39:12","slug":"cuves-isoles-sans-surface-dechange-sur-pieds","status":"publish","type":"product","link":"https:\/\/www.fracchiolla.it\/fr\/prodotto\/cuves-isoles-sans-surface-dechange-sur-pieds\/","title":{"rendered":"CUVES ISOL\u00c9S SANS SURFACE D\u2019\u00c9CHANGE SUR PIEDS"},"content":{"rendered":"","protected":false},"excerpt":{"rendered":"<p>Cuve enti\u00e8rement isol\u00e9e en acier inoxydable soud\u00e9 ou rivet\u00e9, l&#8217;isolation selon les besoins peut se faire avec laine de roche, de mousse de polyur\u00e9thane ou de poly\u00e9thyl\u00e8ne.<br \/>\nId\u00e9al pour la stabilisation tartrique s&#8217;il est \u00e9quip\u00e9 d&#8217;une surface d\u2019\u00e9change de r\u00e9frig\u00e9ration en nid d&#8217;abeille ou en spirale.<\/p>\n<p><a class=\"product-factsheet wplightbox\" href=\"https:\/\/www.fracchiolla.it\/wp-content\/uploads\/2025\/06\/Fracchiolla-Cuves-Completement-calorifugee-sur-pieds-FRA.pdf\" target=\"_blank\" rel=\"noopener\" data-cmp-ab=\"2\"><b>Fiche technique<\/b><\/a><\/p>\n<p><a href=\"https:\/\/www.fracchiolla.it\/fr\/production\/\" data-cmp-ab=\"2\">D\u00e9couvrez les productions<\/a><\/p>\n","protected":false},"featured_media":5981,"template":"","meta":{"inline_featured_image":false},"product_brand":[],"product_cat":[96,93],"product_tag":[],"class_list":{"0":"post-3857","1":"product","2":"type-product","3":"status-publish","4":"has-post-thumbnail","6":"product_cat-secteur-alimentaire","7":"product_cat-secteur-oenologique","9":"first","10":"instock","11":"shipping-taxable","12":"product-type-simple"},"_links":{"self":[{"href":"https:\/\/www.fracchiolla.it\/fr\/wp-json\/wp\/v2\/product\/3857","targetHints":{"allow":["GET"]}}],"collection":[{"href":"https:\/\/www.fracchiolla.it\/fr\/wp-json\/wp\/v2\/product"}],"about":[{"href":"https:\/\/www.fracchiolla.it\/fr\/wp-json\/wp\/v2\/types\/product"}],"wp:featuredmedia":[{"embeddable":true,"href":"https:\/\/www.fracchiolla.it\/fr\/wp-json\/wp\/v2\/media\/5981"}],"wp:attachment":[{"href":"https:\/\/www.fracchiolla.it\/fr\/wp-json\/wp\/v2\/media?parent=3857"}],"wp:term":[{"taxonomy":"product_brand","embeddable":true,"href":"https:\/\/www.fracchiolla.it\/fr\/wp-json\/wp\/v2\/product_brand?post=3857"},{"taxonomy":"product_cat","embeddable":true,"href":"https:\/\/www.fracchiolla.it\/fr\/wp-json\/wp\/v2\/product_cat?post=3857"},{"taxonomy":"product_tag","embeddable":true,"href":"https:\/\/www.fracchiolla.it\/fr\/wp-json\/wp\/v2\/product_tag?post=3857"}],"curies":[{"name":"wp","href":"https:\/\/api.w.org\/{rel}","templated":true}]}}