{"id":3855,"date":"2024-11-06T11:10:27","date_gmt":"2020-11-08T15:29:03","guid":{"rendered":"https:\/\/www.fracchiolla.it\/?post_type=product&#038;p=3855"},"modified":"2025-05-28T18:13:51","modified_gmt":"2025-05-28T16:13:51","slug":"cuves-avec-surface-dechange-en-nid-dabeille-sur-pieds","status":"publish","type":"product","link":"https:\/\/www.fracchiolla.it\/fr\/prodotto\/cuves-avec-surface-dechange-en-nid-dabeille-sur-pieds\/","title":{"rendered":"CUVES AVEC SURFACE D\u2019\u00c9CHANGE CALORIFUG\u00c9E EN NID D&#8217;ABEILLE"},"content":{"rendered":"","protected":false},"excerpt":{"rendered":"<p>CUVE DE STOKAGE EN ACIER INOXYDABLE AVEC SURFACE D\u2019ECHANGE THERMIQUE \u00e0 SPIRALE CALORIFUG\u00e9E<br \/>\n\u201cCuve de stockage en acier inoxydable avec surface d\u2019\u00e9change thermique \u00e0 spirale calorifug\u00e9e.<br \/>\nL\u2019isolation de la surface canalis\u00e9e en fonction des besoins peut \u00eatre r\u00e9alis\u00e9e avec l\u2019utilisation de laine de roche ou de poly\u00e9thyl\u00e8ne r\u00e9ticul\u00e9.<br \/>\nLa surface isolante sera, enfin, recouverte d\u2019une t\u00f4le en acier INOX enti\u00e8rement soud\u00e9e.\u201d<\/p>\n<p><a class=\"product-factsheet wplightbox\" href=\"https:\/\/www.fracchiolla.it\/wp-content\/uploads\/2020\/11\/Fracchiolla-Cuves-sur-pieds-nid-dabeille-FRA.pdf\" target=\"_blank\" rel=\"noopener\" data-cmp-ab=\"2\"><b>Fiche technique<\/b><\/a><\/p>\n<p><a href=\"https:\/\/www.fracchiolla.it\/fr\/production\/\" data-cmp-ab=\"2\">D\u00e9couvrez les productions<\/a><\/p>\n","protected":false},"featured_media":5698,"template":"","meta":{"inline_featured_image":false},"product_brand":[],"product_cat":[93],"product_tag":[],"class_list":{"0":"post-3855","1":"product","2":"type-product","3":"status-publish","4":"has-post-thumbnail","6":"product_cat-secteur-oenologique","8":"first","9":"instock","10":"shipping-taxable","11":"product-type-simple"},"_links":{"self":[{"href":"https:\/\/www.fracchiolla.it\/fr\/wp-json\/wp\/v2\/product\/3855","targetHints":{"allow":["GET"]}}],"collection":[{"href":"https:\/\/www.fracchiolla.it\/fr\/wp-json\/wp\/v2\/product"}],"about":[{"href":"https:\/\/www.fracchiolla.it\/fr\/wp-json\/wp\/v2\/types\/product"}],"wp:featuredmedia":[{"embeddable":true,"href":"https:\/\/www.fracchiolla.it\/fr\/wp-json\/wp\/v2\/media\/5698"}],"wp:attachment":[{"href":"https:\/\/www.fracchiolla.it\/fr\/wp-json\/wp\/v2\/media?parent=3855"}],"wp:term":[{"taxonomy":"product_brand","embeddable":true,"href":"https:\/\/www.fracchiolla.it\/fr\/wp-json\/wp\/v2\/product_brand?post=3855"},{"taxonomy":"product_cat","embeddable":true,"href":"https:\/\/www.fracchiolla.it\/fr\/wp-json\/wp\/v2\/product_cat?post=3855"},{"taxonomy":"product_tag","embeddable":true,"href":"https:\/\/www.fracchiolla.it\/fr\/wp-json\/wp\/v2\/product_tag?post=3855"}],"curies":[{"name":"wp","href":"https:\/\/api.w.org\/{rel}","templated":true}]}}