{"id":3854,"date":"2024-11-06T12:08:29","date_gmt":"2020-11-08T15:28:41","guid":{"rendered":"https:\/\/www.fracchiolla.it\/?post_type=product&#038;p=3854"},"modified":"2025-07-25T18:30:45","modified_gmt":"2025-07-25T16:30:45","slug":"cuves-avec-surface-dechange-en-spirale-sur-pieds","status":"publish","type":"product","link":"https:\/\/www.fracchiolla.it\/fr\/prodotto\/cuves-avec-surface-dechange-en-spirale-sur-pieds\/","title":{"rendered":"CUVES AVEC SURFACE D\u2019\u00c9CHANGE EN SPIRALE SUR PIEDS"},"content":{"rendered":"","protected":false},"excerpt":{"rendered":"<p>Cuves de stockage en acier inoxydable.<br \/>\n\u00c9quip\u00e9 d\u2019une surface d\u2019\u00e9change de refroidissement en canal soud\u00e9 sur le corps cylindrique, en forme de spirale, il a come but d&#8217;imposer un chemin obligatoire vers le fluide caloporteur \u00e0 une vitesse d\u00e9termin\u00e9e et constante afin d&#8217;exclure que le liquide soit canalis\u00e9 par des chemins pr\u00e9f\u00e9rentiels.<\/p>\n<div class=\"woocommerce-product-details__short-description\">\n<p><a class=\"product-factsheet wplightbox\" href=\"https:\/\/www.fracchiolla.it\/wp-content\/uploads\/2020\/11\/Fracchiolla-Cuves-sur-pieds-avec-surface-dechange-calorifugee-en-spirale-FRA.pdf\" target=\"_blank\" rel=\"noopener\" data-cmp-ab=\"2\"><b>Fiche technique<\/b><\/a><\/p>\n<p><a href=\"https:\/\/www.fracchiolla.it\/fr\/production\/\" data-cmp-ab=\"2\">D\u00e9couvrez les productions<\/a><\/p>\n<\/div>\n<div class=\"yith-ywraq-add-to-quote add-to-quote-3854\"><\/div>\n","protected":false},"featured_media":5668,"template":"","meta":{"inline_featured_image":false},"product_brand":[],"product_cat":[93],"product_tag":[],"class_list":{"0":"post-3854","1":"product","2":"type-product","3":"status-publish","4":"has-post-thumbnail","6":"product_cat-secteur-oenologique","8":"first","9":"instock","10":"shipping-taxable","11":"product-type-simple"},"_links":{"self":[{"href":"https:\/\/www.fracchiolla.it\/fr\/wp-json\/wp\/v2\/product\/3854","targetHints":{"allow":["GET"]}}],"collection":[{"href":"https:\/\/www.fracchiolla.it\/fr\/wp-json\/wp\/v2\/product"}],"about":[{"href":"https:\/\/www.fracchiolla.it\/fr\/wp-json\/wp\/v2\/types\/product"}],"wp:featuredmedia":[{"embeddable":true,"href":"https:\/\/www.fracchiolla.it\/fr\/wp-json\/wp\/v2\/media\/5668"}],"wp:attachment":[{"href":"https:\/\/www.fracchiolla.it\/fr\/wp-json\/wp\/v2\/media?parent=3854"}],"wp:term":[{"taxonomy":"product_brand","embeddable":true,"href":"https:\/\/www.fracchiolla.it\/fr\/wp-json\/wp\/v2\/product_brand?post=3854"},{"taxonomy":"product_cat","embeddable":true,"href":"https:\/\/www.fracchiolla.it\/fr\/wp-json\/wp\/v2\/product_cat?post=3854"},{"taxonomy":"product_tag","embeddable":true,"href":"https:\/\/www.fracchiolla.it\/fr\/wp-json\/wp\/v2\/product_tag?post=3854"}],"curies":[{"name":"wp","href":"https:\/\/api.w.org\/{rel}","templated":true}]}}