{"id":3853,"date":"2024-11-30T12:01:18","date_gmt":"2020-11-08T15:28:17","guid":{"rendered":"https:\/\/www.fracchiolla.it\/?post_type=product&#038;p=3853"},"modified":"2025-07-23T08:25:33","modified_gmt":"2025-07-23T06:25:33","slug":"cuves-de-stockage-sur-jupe","status":"publish","type":"product","link":"https:\/\/www.fracchiolla.it\/fr\/prodotto\/cuves-de-stockage-sur-jupe\/","title":{"rendered":"CUVES DE STOCKAGE SUR JUPE"},"content":{"rendered":"","protected":false},"excerpt":{"rendered":"<p>Cuve \u00e0 fond conique en acier inoxydable sur la jupe.<br \/>\nId\u00e9al pour le stockage, m\u00eame inert\u00e9, de tout liquide.<\/p>\n<p><a class=\"product-factsheet wplightbox\" href=\"https:\/\/www.fracchiolla.it\/wp-content\/uploads\/2020\/11\/Fracchiolla-Cuves-de-Stockage-sur-Jupe-FRA.pdf\" target=\"_blank\" rel=\"noopener\" data-cmp-ab=\"2\"><b>Fiche technique<\/b><\/a><\/p>\n<p><a href=\"https:\/\/www.fracchiolla.it\/fr\/production\/\" data-cmp-ab=\"2\">D\u00e9couvrez les productions<\/a><\/p>\n","protected":false},"featured_media":5650,"template":"","meta":{"inline_featured_image":false},"product_brand":[],"product_cat":[94,96,93,97,95],"product_tag":[],"class_list":{"0":"post-3853","1":"product","2":"type-product","3":"status-publish","4":"has-post-thumbnail","6":"product_cat-secteur-huile","7":"product_cat-secteur-alimentaire","8":"product_cat-secteur-oenologique","9":"product_cat-secteur-bio-energie","10":"product_cat-secteur-chimique-et-pharmaceutique","12":"first","13":"instock","14":"shipping-taxable","15":"product-type-simple"},"_links":{"self":[{"href":"https:\/\/www.fracchiolla.it\/fr\/wp-json\/wp\/v2\/product\/3853","targetHints":{"allow":["GET"]}}],"collection":[{"href":"https:\/\/www.fracchiolla.it\/fr\/wp-json\/wp\/v2\/product"}],"about":[{"href":"https:\/\/www.fracchiolla.it\/fr\/wp-json\/wp\/v2\/types\/product"}],"wp:featuredmedia":[{"embeddable":true,"href":"https:\/\/www.fracchiolla.it\/fr\/wp-json\/wp\/v2\/media\/5650"}],"wp:attachment":[{"href":"https:\/\/www.fracchiolla.it\/fr\/wp-json\/wp\/v2\/media?parent=3853"}],"wp:term":[{"taxonomy":"product_brand","embeddable":true,"href":"https:\/\/www.fracchiolla.it\/fr\/wp-json\/wp\/v2\/product_brand?post=3853"},{"taxonomy":"product_cat","embeddable":true,"href":"https:\/\/www.fracchiolla.it\/fr\/wp-json\/wp\/v2\/product_cat?post=3853"},{"taxonomy":"product_tag","embeddable":true,"href":"https:\/\/www.fracchiolla.it\/fr\/wp-json\/wp\/v2\/product_tag?post=3853"}],"curies":[{"name":"wp","href":"https:\/\/api.w.org\/{rel}","templated":true}]}}