{"id":4244,"date":"2020-11-09T16:08:02","date_gmt":"2020-11-09T14:08:02","guid":{"rendered":"https:\/\/www.fracchiolla.it\/?page_id=4244"},"modified":"2020-11-09T18:42:55","modified_gmt":"2020-11-09T16:42:55","slug":"secteurs","status":"publish","type":"page","link":"https:\/\/www.fracchiolla.it\/fr\/secteurs\/","title":{"rendered":"SECTEURS"},"content":{"rendered":"[vc_row type=&#8221;in_container&#8221; full_screen_row_position=&#8221;middle&#8221; scene_position=&#8221;center&#8221; text_color=&#8221;dark&#8221; text_align=&#8221;left&#8221; overlay_strength=&#8221;0.3&#8243; shape_divider_position=&#8221;bottom&#8221;][vc_column column_padding=&#8221;no-extra-padding&#8221; column_padding_position=&#8221;all&#8221; background_color_opacity=&#8221;1&#8243; background_hover_color_opacity=&#8221;1&#8243; column_link_target=&#8221;_self&#8221; column_shadow=&#8221;none&#8221; column_border_radius=&#8221;none&#8221; width=&#8221;1\/1&#8243; tablet_width_inherit=&#8221;default&#8221; tablet_text_alignment=&#8221;default&#8221; phone_text_alignment=&#8221;default&#8221; column_border_width=&#8221;none&#8221; column_border_style=&#8221;solid&#8221;][vc_column_text]\n<p class=\"p2\"><b>INDUSTRIE FRACCHIOLLA SPA <\/b>est une entreprise leader au niveau international, sp\u00e9cialis\u00e9e dans la conception, la construction et l&#8217;installation des cuves en acier inoxydable, pour les secteurs alimentaire, chimique et pharmaceutique, de toute taille, qui peuvent \u00e9galement \u00eatre assembl\u00e9es \u00e0 destination finale, et des caves cl\u00e9 en main.<\/p>\n<p class=\"p2\"><strong>Notre gamme comprend:<\/strong><\/p>\n<p class=\"p2\">Cuves de stockage et de process tels que: cristallisoirs, dissolveurs, cuves avec agitateur, \/ m\u00e9langeur, thermo conditionn\u00e9s avec \u00e9changeurs d\u2019eau \/ vapeur ou solutions sp\u00e9cifiques, de toute capacit\u00e9, pour produits p\u00e2teux, liquides, semi-liquides, granul\u00e9s ou poussi\u00e8re. alle de brasserie, fermenteurs et m\u00fbrisseurs dans le secteur de la bi\u00e8re.<\/p>\n<p class=\"p2\">Depuis plus de 50 ans, la passion, l&#8217;attention aux march\u00e9s \u00e9trangers, la recherche et l&#8217;innovation sont les piliers sur lesquels l&#8217;entreprise a concr\u00e8tement b\u00e2ti ses succ\u00e8s.<\/p>\n[\/vc_column_text][\/vc_column][\/vc_row][vc_row type=&#8221;full_width_background&#8221; full_screen_row_position=&#8221;middle&#8221; bg_color=&#8221;#ffffff&#8221; scene_position=&#8221;center&#8221; text_color=&#8221;dark&#8221; text_align=&#8221;left&#8221; top_padding=&#8221;120&#8243; bottom_padding=&#8221;120&#8243; overlay_strength=&#8221;0.3&#8243; shape_divider_position=&#8221;bottom&#8221; shape_type=&#8221;&#8221;][vc_column enable_animation=&#8221;true&#8221; animation=&#8221;fade-in&#8221; column_padding=&#8221;no-extra-padding&#8221; column_padding_position=&#8221;all&#8221; background_color_opacity=&#8221;1&#8243; background_hover_color_opacity=&#8221;1&#8243; column_link_target=&#8221;_self&#8221; column_shadow=&#8221;none&#8221; column_border_radius=&#8221;none&#8221; width=&#8221;1\/1&#8243; tablet_width_inherit=&#8221;default&#8221; tablet_text_alignment=&#8221;default&#8221; phone_text_alignment=&#8221;default&#8221; column_border_width=&#8221;none&#8221; column_border_style=&#8221;solid&#8221; delay=&#8221;0&#8243;][vc_row_inner equal_height=&#8221;yes&#8221; content_placement=&#8221;middle&#8221; column_margin=&#8221;default&#8221; text_align=&#8221;left&#8221;][vc_column_inner column_padding=&#8221;no-extra-padding&#8221; column_padding_position=&#8221;all&#8221; background_color_opacity=&#8221;1&#8243; background_hover_color_opacity=&#8221;1&#8243; column_shadow=&#8221;none&#8221; column_border_radius=&#8221;none&#8221; column_link_target=&#8221;_self&#8221; el_class=&#8221;box-oleario&#8221; width=&#8221;1\/3&#8243; tablet_width_inherit=&#8221;default&#8221; column_border_width=&#8221;none&#8221; column_border_style=&#8221;solid&#8221;][fancy_box box_style=&#8221;default&#8221; icon_family=&#8221;fontawesome&#8221; image_url=&#8221;2972&#8243; color=&#8221;Accent-Color&#8221; icon_fontawesome=&#8221;fa fa-user-o&#8221; link_url=&#8221;https:\/\/www.fracchiolla.it\/fr\/categoria-prodotto\/secteur-huile\/&#8221; link_text=&#8221;Tous les produits&#8221;]\n<h3>SECTEUR HUILE<\/h3>\n[\/fancy_box][\/vc_column_inner][vc_column_inner column_padding=&#8221;no-extra-padding&#8221; column_padding_position=&#8221;all&#8221; background_color_opacity=&#8221;1&#8243; background_hover_color_opacity=&#8221;1&#8243; column_shadow=&#8221;none&#8221; column_border_radius=&#8221;none&#8221; column_link_target=&#8221;_self&#8221; el_class=&#8221;box-alimentare&#8221; width=&#8221;1\/3&#8243; tablet_width_inherit=&#8221;default&#8221; column_border_width=&#8221;none&#8221; column_border_style=&#8221;solid&#8221;][fancy_box box_style=&#8221;default&#8221; icon_family=&#8221;fontawesome&#8221; image_url=&#8221;2973&#8243; color=&#8221;Accent-Color&#8221; icon_fontawesome=&#8221;fa fa-user-o&#8221; link_url=&#8221;https:\/\/www.fracchiolla.it\/fr\/categoria-prodotto\/secteur-alimentaire\/&#8221; link_text=&#8221;Tous les produits&#8221;]\n<h3>SECTEUR ALIMENTAIRE<\/h3>\n[\/fancy_box][\/vc_column_inner][vc_column_inner column_padding=&#8221;no-extra-padding&#8221; column_padding_position=&#8221;all&#8221; background_color_opacity=&#8221;1&#8243; background_hover_color_opacity=&#8221;1&#8243; column_shadow=&#8221;none&#8221; column_border_radius=&#8221;none&#8221; column_link_target=&#8221;_self&#8221; el_class=&#8221;box-enologico&#8221; width=&#8221;1\/3&#8243; tablet_width_inherit=&#8221;default&#8221; column_border_width=&#8221;none&#8221; column_border_style=&#8221;solid&#8221;][fancy_box box_style=&#8221;default&#8221; icon_family=&#8221;fontawesome&#8221; image_url=&#8221;2974&#8243; color=&#8221;Accent-Color&#8221; icon_fontawesome=&#8221;fa fa-user-o&#8221; link_url=&#8221;https:\/\/www.fracchiolla.it\/fr\/categoria-prodotto\/secteur-oenologique\/&#8221; link_text=&#8221;Tous les produits&#8221;]\n<h3>SECTEUR OENOLOGIQUE<\/h3>\n[\/fancy_box][\/vc_column_inner][\/vc_row_inner][vc_row_inner equal_height=&#8221;yes&#8221; content_placement=&#8221;middle&#8221; column_margin=&#8221;default&#8221; text_align=&#8221;left&#8221;][vc_column_inner column_padding=&#8221;no-extra-padding&#8221; column_padding_position=&#8221;all&#8221; background_color_opacity=&#8221;1&#8243; background_hover_color_opacity=&#8221;1&#8243; column_shadow=&#8221;none&#8221; column_border_radius=&#8221;none&#8221; column_link_target=&#8221;_self&#8221; el_class=&#8221;box-birra&#8221; width=&#8221;1\/3&#8243; tablet_width_inherit=&#8221;default&#8221; column_border_width=&#8221;none&#8221; column_border_style=&#8221;solid&#8221;][fancy_box box_style=&#8221;default&#8221; icon_family=&#8221;fontawesome&#8221; image_url=&#8221;2975&#8243; color=&#8221;Accent-Color&#8221; icon_fontawesome=&#8221;fa fa-user-o&#8221; link_url=&#8221;https:\/\/www.fracchiolla.it\/fr\/categoria-prodotto\/secteur-brasserie\/&#8221; link_text=&#8221;Tous les produits&#8221;]\n<h3>SECTEUR BRASSERIE<\/h3>\n[\/fancy_box][\/vc_column_inner][vc_column_inner column_padding=&#8221;no-extra-padding&#8221; column_padding_position=&#8221;all&#8221; background_color_opacity=&#8221;1&#8243; background_hover_color_opacity=&#8221;1&#8243; column_shadow=&#8221;none&#8221; column_border_radius=&#8221;none&#8221; column_link_target=&#8221;_self&#8221; el_class=&#8221;box-bioenergetico&#8221; width=&#8221;1\/3&#8243; tablet_width_inherit=&#8221;default&#8221; column_border_width=&#8221;none&#8221; column_border_style=&#8221;solid&#8221;][fancy_box box_style=&#8221;default&#8221; icon_family=&#8221;fontawesome&#8221; image_url=&#8221;2976&#8243; color=&#8221;Accent-Color&#8221; icon_fontawesome=&#8221;fa fa-user-o&#8221; link_url=&#8221;https:\/\/www.fracchiolla.it\/fr\/categoria-prodotto\/secteur-bio-energie\/&#8221; link_text=&#8221;Tous les produits&#8221;]\n<h3>SECTEUR BIO ENERGIE<\/h3>\n[\/fancy_box][\/vc_column_inner][vc_column_inner column_padding=&#8221;no-extra-padding&#8221; column_padding_position=&#8221;all&#8221; background_color_opacity=&#8221;1&#8243; background_hover_color_opacity=&#8221;1&#8243; column_shadow=&#8221;none&#8221; column_border_radius=&#8221;none&#8221; column_link_target=&#8221;_self&#8221; el_class=&#8221;box-chimico&#8221; width=&#8221;1\/3&#8243; tablet_width_inherit=&#8221;default&#8221; column_border_width=&#8221;none&#8221; column_border_style=&#8221;solid&#8221;][fancy_box box_style=&#8221;default&#8221; icon_family=&#8221;fontawesome&#8221; image_url=&#8221;2977&#8243; color=&#8221;Accent-Color&#8221; icon_fontawesome=&#8221;fa fa-user-o&#8221; link_url=&#8221;https:\/\/www.fracchiolla.it\/fr\/categoria-prodotto\/secteur-chimique-et-pharmaceutique\/&#8221; link_text=&#8221;Tous les produits&#8221;]\n<h3>SECTEUR CHIMIQUE ET PHARMACEUTIQUE<\/h3>\n[\/fancy_box][\/vc_column_inner][\/vc_row_inner][\/vc_column][\/vc_row]\n","protected":false},"excerpt":{"rendered":"<p>[vc_row type=&#8221;in_container&#8221; full_screen_row_position=&#8221;middle&#8221; scene_position=&#8221;center&#8221; text_color=&#8221;dark&#8221; text_align=&#8221;left&#8221; overlay_strength=&#8221;0.3&#8243; shape_divider_position=&#8221;bottom&#8221;][vc_column column_padding=&#8221;no-extra-padding&#8221; column_padding_position=&#8221;all&#8221; background_color_opacity=&#8221;1&#8243; background_hover_color_opacity=&#8221;1&#8243; column_link_target=&#8221;_self&#8221; column_shadow=&#8221;none&#8221; column_border_radius=&#8221;none&#8221; width=&#8221;1\/1&#8243; tablet_width_inherit=&#8221;default&#8221; tablet_text_alignment=&#8221;default&#8221; phone_text_alignment=&#8221;default&#8221; column_border_width=&#8221;none&#8221; column_border_style=&#8221;solid&#8221;][vc_column_text] INDUSTRIE FRACCHIOLLA SPA est une entreprise leader au niveau&#8230;<\/p>\n","protected":false},"author":2,"featured_media":0,"parent":0,"menu_order":28,"comment_status":"open","ping_status":"open","template":"","meta":{"inline_featured_image":false,"footnotes":""},"class_list":["post-4244","page","type-page","status-publish"],"_links":{"self":[{"href":"https:\/\/www.fracchiolla.it\/fr\/wp-json\/wp\/v2\/pages\/4244","targetHints":{"allow":["GET"]}}],"collection":[{"href":"https:\/\/www.fracchiolla.it\/fr\/wp-json\/wp\/v2\/pages"}],"about":[{"href":"https:\/\/www.fracchiolla.it\/fr\/wp-json\/wp\/v2\/types\/page"}],"author":[{"embeddable":true,"href":"https:\/\/www.fracchiolla.it\/fr\/wp-json\/wp\/v2\/users\/2"}],"replies":[{"embeddable":true,"href":"https:\/\/www.fracchiolla.it\/fr\/wp-json\/wp\/v2\/comments?post=4244"}],"version-history":[{"count":0,"href":"https:\/\/www.fracchiolla.it\/fr\/wp-json\/wp\/v2\/pages\/4244\/revisions"}],"wp:attachment":[{"href":"https:\/\/www.fracchiolla.it\/fr\/wp-json\/wp\/v2\/media?parent=4244"}],"curies":[{"name":"wp","href":"https:\/\/api.w.org\/{rel}","templated":true}]}}