{"id":4055,"date":"2020-11-09T12:23:52","date_gmt":"2020-11-09T10:23:52","guid":{"rendered":"https:\/\/www.fracchiolla.it\/?page_id=4055"},"modified":"2020-11-09T18:31:31","modified_gmt":"2020-11-09T16:31:31","slug":"qui-sommes-nous","status":"publish","type":"page","link":"https:\/\/www.fracchiolla.it\/fr\/qui-sommes-nous\/","title":{"rendered":"QUI SOMMES NOUS"},"content":{"rendered":"[vc_row type=&#8221;full_width_content&#8221; full_screen_row_position=&#8221;middle&#8221; equal_height=&#8221;yes&#8221; content_placement=&#8221;middle&#8221; vertically_center_columns=&#8221;true&#8221; scene_position=&#8221;center&#8221; text_color=&#8221;light&#8221; text_align=&#8221;left&#8221; top_padding=&#8221;0&#8243; bottom_padding=&#8221;0&#8243; overlay_strength=&#8221;0.3&#8243; shape_divider_position=&#8221;bottom&#8221; shape_type=&#8221;&#8221;][vc_column column_padding=&#8221;padding-4-percent&#8221; column_padding_position=&#8221;all&#8221; background_color=&#8221;#004884&#8243; background_color_opacity=&#8221;1&#8243; background_hover_color_opacity=&#8221;1&#8243; column_link_target=&#8221;_self&#8221; column_shadow=&#8221;none&#8221; column_border_radius=&#8221;none&#8221; width=&#8221;1\/2&#8243; tablet_width_inherit=&#8221;default&#8221; tablet_text_alignment=&#8221;default&#8221; phone_text_alignment=&#8221;default&#8221; column_border_width=&#8221;none&#8221; column_border_style=&#8221;solid&#8221;][vc_row_inner column_margin=&#8221;default&#8221; text_align=&#8221;left&#8221;][vc_column_inner column_padding=&#8221;no-extra-padding&#8221; column_padding_position=&#8221;all&#8221; background_color_opacity=&#8221;1&#8243; background_hover_color_opacity=&#8221;1&#8243; column_shadow=&#8221;none&#8221; column_border_radius=&#8221;none&#8221; column_link_target=&#8221;_self&#8221; width=&#8221;1\/1&#8243; tablet_width_inherit=&#8221;default&#8221; column_border_width=&#8221;none&#8221; column_border_style=&#8221;solid&#8221;][vc_column_text]\n<h3>Industries Fracchiolla<\/h3>\n<p class=\"p1\">Avec plus d&#8217;un demi-si\u00e8cle d&#8217;exp\u00e9rience dans la conception et la construction des cuves en acier inoxydable, Fracchiolla SpA est aujourd&#8217;hui une entreprise international industrielle italienne leader dans le secteur des machines et \u00e9quipements pour l&#8217;agroalimentaire et le secteur chimique &#8211; pharmaceutique.<\/p>\n<p class=\"p1\">L&#8217;entreprise est \u00e9galement sp\u00e9cialis\u00e9e dans la conception et l&#8217;installation de syst\u00e8mes en acier inoxydable tels que des caves cl\u00e9 en main, des salles de cuisson pour brasseries, des syst\u00e8mes de processus bio-\u00e9nerg\u00e9tiques et dans l&#8217;ex\u00e9cution de projets de tuyauterie, r\u00e9alis\u00e9s selon les r\u00e9glementations europ\u00e9ennes les plus strictes \u00e9galement en mati\u00e8re de s\u00e9curit\u00e9, capable de garantir la meilleure conservation du contenu, sans qu&#8217;il soit contamin<\/p>\n[\/vc_column_text][\/vc_column_inner][\/vc_row_inner][\/vc_column][vc_column column_padding=&#8221;padding-6-percent&#8221; column_padding_position=&#8221;all&#8221; background_color_opacity=&#8221;1&#8243; background_hover_color_opacity=&#8221;1&#8243; background_image=&#8221;3437&#8243; enable_bg_scale=&#8221;true&#8221; font_color=&#8221;#6d6d6d&#8221; column_link_target=&#8221;_self&#8221; column_shadow=&#8221;none&#8221; column_border_radius=&#8221;none&#8221; el_class=&#8221;numeri&#8221; width=&#8221;1\/2&#8243; tablet_width_inherit=&#8221;default&#8221; tablet_text_alignment=&#8221;default&#8221; phone_text_alignment=&#8221;default&#8221; column_border_width=&#8221;none&#8221; column_border_style=&#8221;solid&#8221;][\/vc_column][\/vc_row][vc_row type=&#8221;full_width_content&#8221; full_screen_row_position=&#8221;middle&#8221; bg_color=&#8221;#ffffff&#8221; scene_position=&#8221;center&#8221; text_color=&#8221;dark&#8221; text_align=&#8221;center&#8221; top_padding=&#8221;60&#8243; bottom_padding=&#8221;60&#8243; overlay_strength=&#8221;0.3&#8243; shape_divider_position=&#8221;bottom&#8221; shape_type=&#8221;&#8221;][vc_column column_padding=&#8221;padding-2-percent&#8221; column_padding_position=&#8221;all&#8221; background_color_opacity=&#8221;1&#8243; background_hover_color_opacity=&#8221;1&#8243; column_link_target=&#8221;_self&#8221; column_shadow=&#8221;none&#8221; column_border_radius=&#8221;none&#8221; width=&#8221;1\/6&#8243; tablet_width_inherit=&#8221;default&#8221; tablet_text_alignment=&#8221;default&#8221; phone_text_alignment=&#8221;default&#8221; column_border_width=&#8221;none&#8221; column_border_style=&#8221;solid&#8221;][nectar_icon icon_family=&#8221;fontawesome&#8221; icon_style=&#8221;default&#8221; icon_color=&#8221;Accent-Color&#8221; icon_padding=&#8221;20px&#8221; icon_fontawesome=&#8221;fa fa-check&#8221;][vc_column_text]\n<p class=\"p1\"><strong>Produit d&#8217;excellente qualit\u00e9 en acier inoxydable certifi\u00e9 d&#8217;origine exclusivement europ\u00e9enne<\/strong><\/p>\n<p><strong>\u00a0<\/strong>[\/vc_column_text][\/vc_column][vc_column column_padding=&#8221;padding-2-percent&#8221; column_padding_position=&#8221;all&#8221; background_color_opacity=&#8221;1&#8243; background_hover_color_opacity=&#8221;1&#8243; column_link_target=&#8221;_self&#8221; column_shadow=&#8221;none&#8221; column_border_radius=&#8221;none&#8221; width=&#8221;1\/6&#8243; tablet_width_inherit=&#8221;default&#8221; tablet_text_alignment=&#8221;default&#8221; phone_text_alignment=&#8221;default&#8221; column_border_width=&#8221;none&#8221; column_border_style=&#8221;solid&#8221;][nectar_icon icon_family=&#8221;fontawesome&#8221; icon_style=&#8221;default&#8221; icon_color=&#8221;Accent-Color&#8221; icon_padding=&#8221;20px&#8221; icon_fontawesome=&#8221;fa fa-check&#8221;][vc_column_text]\n<p class=\"p1\"><strong>Innovation continue des produits et de processus gr\u00e2ce \u00e0 des investissements dans la recherche technologique<\/strong><\/p>\n[\/vc_column_text][\/vc_column][vc_column column_padding=&#8221;padding-2-percent&#8221; column_padding_position=&#8221;all&#8221; background_color_opacity=&#8221;1&#8243; background_hover_color_opacity=&#8221;1&#8243; column_link_target=&#8221;_self&#8221; column_shadow=&#8221;none&#8221; column_border_radius=&#8221;none&#8221; width=&#8221;1\/6&#8243; tablet_width_inherit=&#8221;default&#8221; tablet_text_alignment=&#8221;default&#8221; phone_text_alignment=&#8221;default&#8221; column_border_width=&#8221;none&#8221; column_border_style=&#8221;solid&#8221;][nectar_icon icon_family=&#8221;fontawesome&#8221; icon_style=&#8221;default&#8221; icon_color=&#8221;Accent-Color&#8221; icon_padding=&#8221;20px&#8221; icon_fontawesome=&#8221;fa fa-check&#8221;][vc_column_text]\n<p class=\"p1\"><strong>Ponctualit\u00e9 dans les livraisons<\/strong><\/p>\n[\/vc_column_text][\/vc_column][vc_column column_padding=&#8221;padding-2-percent&#8221; column_padding_position=&#8221;all&#8221; background_color_opacity=&#8221;1&#8243; background_hover_color_opacity=&#8221;1&#8243; column_link_target=&#8221;_self&#8221; column_shadow=&#8221;none&#8221; column_border_radius=&#8221;none&#8221; width=&#8221;1\/6&#8243; tablet_width_inherit=&#8221;default&#8221; tablet_text_alignment=&#8221;default&#8221; phone_text_alignment=&#8221;default&#8221; column_border_width=&#8221;none&#8221; column_border_style=&#8221;solid&#8221;][nectar_icon icon_family=&#8221;fontawesome&#8221; icon_style=&#8221;default&#8221; icon_color=&#8221;Accent-Color&#8221; icon_padding=&#8221;20px&#8221; icon_fontawesome=&#8221;fa fa-check&#8221;][vc_column_text]\n<p class=\"p1\"><strong>Logiciel de conception technique 3D avanc\u00e9<\/strong><\/p>\n[\/vc_column_text][\/vc_column][vc_column column_padding=&#8221;padding-2-percent&#8221; column_padding_position=&#8221;all&#8221; background_color_opacity=&#8221;1&#8243; background_hover_color_opacity=&#8221;1&#8243; column_link_target=&#8221;_self&#8221; column_shadow=&#8221;none&#8221; column_border_radius=&#8221;none&#8221; width=&#8221;1\/6&#8243; tablet_width_inherit=&#8221;default&#8221; tablet_text_alignment=&#8221;default&#8221; phone_text_alignment=&#8221;default&#8221; column_border_width=&#8221;none&#8221; column_border_style=&#8221;solid&#8221;][nectar_icon icon_family=&#8221;fontawesome&#8221; icon_style=&#8221;default&#8221; icon_color=&#8221;Accent-Color&#8221; icon_padding=&#8221;20px&#8221; icon_fontawesome=&#8221;fa fa-check&#8221;][vc_column_text]\n<p class=\"p1\"><strong>Garantie du syst\u00e8me qualit\u00e9 certifi\u00e9 ISO 9001 et s\u00e9curit\u00e9 ISO 45001<\/strong><\/p>\n[\/vc_column_text][\/vc_column][vc_column column_padding=&#8221;padding-2-percent&#8221; column_padding_position=&#8221;all&#8221; background_color_opacity=&#8221;1&#8243; background_hover_color_opacity=&#8221;1&#8243; column_link_target=&#8221;_self&#8221; column_shadow=&#8221;none&#8221; column_border_radius=&#8221;none&#8221; width=&#8221;1\/6&#8243; tablet_width_inherit=&#8221;default&#8221; tablet_text_alignment=&#8221;default&#8221; phone_text_alignment=&#8221;default&#8221; column_border_width=&#8221;none&#8221; column_border_style=&#8221;solid&#8221;][nectar_icon icon_family=&#8221;fontawesome&#8221; icon_style=&#8221;default&#8221; icon_color=&#8221;Accent-Color&#8221; icon_padding=&#8221;20px&#8221; icon_fontawesome=&#8221;fa fa-check&#8221;][vc_column_text]\n<p class=\"p1\"><strong>Service d&#8217;assistance technique efficace et rapide 24 heures sur 24, capable de satisfaire tous les besoins des clients.<\/strong><\/p>\n[\/vc_column_text][\/vc_column][\/vc_row][vc_row type=&#8221;full_width_content&#8221; full_screen_row_position=&#8221;middle&#8221; equal_height=&#8221;yes&#8221; content_placement=&#8221;middle&#8221; vertically_center_columns=&#8221;true&#8221; bg_color=&#8221;#676767&#8243; scene_position=&#8221;center&#8221; text_color=&#8221;light&#8221; text_align=&#8221;left&#8221; top_padding=&#8221;0&#8243; bottom_padding=&#8221;0&#8243; overlay_strength=&#8221;0.3&#8243; shape_divider_position=&#8221;bottom&#8221; shape_type=&#8221;&#8221;][vc_column column_padding=&#8221;padding-4-percent&#8221; column_padding_position=&#8221;all&#8221; background_color_opacity=&#8221;1&#8243; background_hover_color_opacity=&#8221;1&#8243; background_image=&#8221;3443&#8243; enable_bg_scale=&#8221;true&#8221; font_color=&#8221;#6d6d6d&#8221; column_link_target=&#8221;_self&#8221; column_shadow=&#8221;none&#8221; column_border_radius=&#8221;none&#8221; width=&#8221;1\/2&#8243; tablet_width_inherit=&#8221;default&#8221; tablet_text_alignment=&#8221;default&#8221; phone_text_alignment=&#8221;default&#8221; column_border_width=&#8221;none&#8221; column_border_style=&#8221;solid&#8221;][\/vc_column][vc_column column_padding=&#8221;padding-4-percent&#8221; column_padding_position=&#8221;all&#8221; background_color_opacity=&#8221;1&#8243; background_hover_color_opacity=&#8221;1&#8243; column_link_target=&#8221;_self&#8221; column_shadow=&#8221;none&#8221; column_border_radius=&#8221;none&#8221; width=&#8221;1\/2&#8243; tablet_width_inherit=&#8221;default&#8221; tablet_text_alignment=&#8221;default&#8221; phone_text_alignment=&#8221;default&#8221; column_border_width=&#8221;none&#8221; column_border_style=&#8221;solid&#8221;][divider line_type=&#8221;No Line&#8221; custom_height=&#8221;100&#8243;][vc_row_inner column_margin=&#8221;default&#8221; text_align=&#8221;left&#8221;][vc_column_inner column_padding=&#8221;no-extra-padding&#8221; column_padding_position=&#8221;all&#8221; background_color_opacity=&#8221;1&#8243; background_hover_color_opacity=&#8221;1&#8243; column_shadow=&#8221;none&#8221; column_border_radius=&#8221;none&#8221; column_link_target=&#8221;_self&#8221; width=&#8221;1\/1&#8243; tablet_width_inherit=&#8221;default&#8221; column_border_width=&#8221;none&#8221; column_border_style=&#8221;solid&#8221;][vc_column_text]\n<h3>NOTRE PRODUCTION<\/h3>\n[\/vc_column_text][\/vc_column_inner][\/vc_row_inner][vc_row_inner column_margin=&#8221;default&#8221; top_padding=&#8221;30&#8243; text_align=&#8221;left&#8221;][vc_column_inner column_padding=&#8221;no-extra-padding&#8221; column_padding_position=&#8221;all&#8221; background_color_opacity=&#8221;1&#8243; background_hover_color_opacity=&#8221;1&#8243; column_shadow=&#8221;none&#8221; column_border_radius=&#8221;none&#8221; column_link_target=&#8221;_self&#8221; width=&#8221;1\/2&#8243; tablet_width_inherit=&#8221;default&#8221; column_border_width=&#8221;none&#8221; column_border_style=&#8221;solid&#8221;][vc_column_text]\n<h6><i class=\"icon-tiny fa fa-check extra-color-3\"><\/i> Ligne de coupe<\/h6>\n<h6><i class=\"icon-tiny fa fa-check extra-color-3\"><\/i> Tours d&#8217;assemblage avec tables tournantes et manipulateurs pour le soudage automatique et la finition satin\u00e9e circonf\u00e9rentielle<\/h6>\n<h6><i class=\"icon-tiny fa fa-check extra-color-3\"><\/i> Banc de verrouillage pour soudage automatique<\/h6>\n<h6><i class=\"icon-tiny fa fa-check extra-color-3\"><\/i> Le pantographe pour la d\u00e9coupe plasma haute d\u00e9finition nous permet de couper des t\u00f4les en acier inoxydable jusqu&#8217;\u00e0 2000&#215;4000 mm avec une \u00e9paisseur de 35 mm en important les donn\u00e9es directement d\u2019un file CAD<\/h6>\n<h6><i class=\"icon-tiny fa fa-check extra-color-3\"><\/i> Poin\u00e7onneuse CNC pour la fabrication de surface d\u2019\u00e9change en nid d&#8217;abeille<\/h6>\n[\/vc_column_text][\/vc_column_inner][vc_column_inner column_padding=&#8221;no-extra-padding&#8221; column_padding_position=&#8221;all&#8221; background_color_opacity=&#8221;1&#8243; background_hover_color_opacity=&#8221;1&#8243; column_shadow=&#8221;none&#8221; column_border_radius=&#8221;none&#8221; column_link_target=&#8221;_self&#8221; width=&#8221;1\/2&#8243; tablet_width_inherit=&#8221;default&#8221; column_border_width=&#8221;none&#8221; column_border_style=&#8221;solid&#8221;][vc_column_text]\n<h6><i class=\"icon-tiny fa fa-check extra-color-3\"><\/i> Syst\u00e8me CNC pour la r\u00e9alisation de surface d\u2019\u00e9change en spirale<\/h6>\n<h6><i class=\"icon-tiny fa fa-check extra-color-3\"><\/i> Banc de soudage automatique pour la cr\u00e9ation des fonds et des toitures coniques<\/h6>\n<h6><i class=\"icon-tiny fa fa-check extra-color-3\"><\/i> Banc de soudage automatique pour la cr\u00e9ation des fonds et des toitures coniques<\/h6>\n<h6><i class=\"icon-tiny fa fa-check extra-color-3\"><\/i> Tour parall\u00e8le de grand diam\u00e8tre<\/h6>\n<h6><i class=\"icon-tiny fa fa-check extra-color-3\"><\/i> Cintreuse universelle<\/h6>\n[\/vc_column_text][\/vc_column_inner][\/vc_row_inner][divider line_type=&#8221;No Line&#8221; custom_height=&#8221;100&#8243;][\/vc_column][\/vc_row][vc_row type=&#8221;full_width_content&#8221; full_screen_row_position=&#8221;middle&#8221; equal_height=&#8221;yes&#8221; content_placement=&#8221;middle&#8221; vertically_center_columns=&#8221;true&#8221; bg_color=&#8221;#004884&#8243; scene_position=&#8221;center&#8221; text_color=&#8221;light&#8221; text_align=&#8221;left&#8221; top_padding=&#8221;0&#8243; bottom_padding=&#8221;0&#8243; overlay_strength=&#8221;0.3&#8243; shape_divider_position=&#8221;bottom&#8221; shape_type=&#8221;&#8221;][vc_column column_padding=&#8221;padding-4-percent&#8221; column_padding_position=&#8221;all&#8221; background_color_opacity=&#8221;1&#8243; background_hover_color_opacity=&#8221;1&#8243; column_link_target=&#8221;_self&#8221; column_shadow=&#8221;none&#8221; column_border_radius=&#8221;none&#8221; width=&#8221;1\/2&#8243; tablet_width_inherit=&#8221;default&#8221; tablet_text_alignment=&#8221;default&#8221; phone_text_alignment=&#8221;default&#8221; column_border_width=&#8221;none&#8221; column_border_style=&#8221;solid&#8221;][vc_row_inner column_margin=&#8221;default&#8221; text_align=&#8221;left&#8221;][vc_column_inner column_padding=&#8221;no-extra-padding&#8221; column_padding_position=&#8221;all&#8221; background_color_opacity=&#8221;1&#8243; background_hover_color_opacity=&#8221;1&#8243; column_shadow=&#8221;none&#8221; column_border_radius=&#8221;none&#8221; column_link_target=&#8221;_self&#8221; width=&#8221;1\/1&#8243; tablet_width_inherit=&#8221;default&#8221; column_border_width=&#8221;none&#8221; column_border_style=&#8221;solid&#8221;][vc_column_text]\n<h3>INDUSTRIES FRACCHIOLLA DANS LE MONDE<\/h3>\n<p class=\"p1\">Gr\u00e2ce \u00e0 une approche hautement technologique et innovante, Fracchiolla SpA est une r\u00e9f\u00e9rence sur le march\u00e9, \u00e9galement gr\u00e2ce \u00e0 une structure de production et de distribution hautement efficace avec une direction qualifi\u00e9e.<\/p>\n<p class=\"p1\">Les cuves Fracchiolla sont fabriqu\u00e9s avec une protection interne et externe avec un film plastique, des proc\u00e9dures de soudage enti\u00e8rement automatiques avec protection de gaz inerte tout droit et \u00e0 l&#8217;inverse. Dans le but toujours de garantir la haute qualit\u00e9 \u00e0 nos clients, pour la fabrication ont utilis\u00e9s des mat\u00e9riaux de premier choix, une main-d&#8217;oeuvre hautement sp\u00e9cialis\u00e9e et les processus de production certifi\u00e9s. Tout cela a permis \u00e0 l\u2019Industrie Fracchiolla d&#8217;\u00eatre choisie par un nombre croissant d&#8217;entreprises dans le monde. Outre l&#8217;innovation technologique continue et la qualit\u00e9, qui repr\u00e9sentent les principales caract\u00e9ristiques de l&#8217;entreprise, un autre pilier est le service client, garanti par le respect des d\u00e9lais de livraison, la capacit\u00e9 \u00e0 r\u00e9pondre rapidement aux urgences et un service d&#8217;assistance technique efficace. IT<span class=\"s1\">. <\/span>FR<span class=\"s1\">.<\/span><\/p>\n<p class=\"p1\">France Allemagne Suisse Belgique Espagne \u00celes Canaries R\u00e9publique tch\u00e8que Gr\u00e8ce Chypre Malte Albanie Turquie Liban Tunisie Alg\u00e9rie Maroc Russie Inde \u00c9tats-Unis Canada Argentine Chili<\/p>\n[\/vc_column_text][\/vc_column_inner][\/vc_row_inner][vc_row_inner column_margin=&#8221;default&#8221; top_padding=&#8221;30&#8243; text_align=&#8221;left&#8221;][vc_column_inner column_padding=&#8221;no-extra-padding&#8221; column_padding_position=&#8221;all&#8221; background_color_opacity=&#8221;1&#8243; background_hover_color_opacity=&#8221;1&#8243; column_shadow=&#8221;none&#8221; column_border_radius=&#8221;none&#8221; column_link_target=&#8221;_self&#8221; width=&#8221;1\/3&#8243; tablet_width_inherit=&#8221;default&#8221; column_border_width=&#8221;none&#8221; column_border_style=&#8221;solid&#8221;][vc_column_text]\n<h6><i class=\"icon-tiny fa fa-check extra-color-3\"><\/i> Francia<\/h6>\n<h6><i class=\"icon-tiny fa fa-check extra-color-3\"><\/i> Germania<\/h6>\n<h6><i class=\"icon-tiny fa fa-check extra-color-3\"><\/i> Svizzera<\/h6>\n<h6><i class=\"icon-tiny fa fa-check extra-color-3\"><\/i> Belgio<\/h6>\n<h6><i class=\"icon-tiny fa fa-check extra-color-3\"><\/i> Spagna<\/h6>\n<h6><i class=\"icon-tiny fa fa-check extra-color-3\"><\/i> Canarie<\/h6>\n<h6><i class=\"icon-tiny fa fa-check extra-color-3\"><\/i> Repubblica Ceca<\/h6>\n<h6><i class=\"icon-tiny fa fa-check extra-color-3\"><\/i> Grecia<\/h6>\n[\/vc_column_text][\/vc_column_inner][vc_column_inner column_padding=&#8221;no-extra-padding&#8221; column_padding_position=&#8221;all&#8221; background_color_opacity=&#8221;1&#8243; background_hover_color_opacity=&#8221;1&#8243; column_shadow=&#8221;none&#8221; column_border_radius=&#8221;none&#8221; column_link_target=&#8221;_self&#8221; width=&#8221;1\/3&#8243; tablet_width_inherit=&#8221;default&#8221; column_border_width=&#8221;none&#8221; column_border_style=&#8221;solid&#8221;][vc_column_text]\n<h6><i class=\"icon-tiny fa fa-check extra-color-3\"><\/i> Cipro<\/h6>\n<h6><i class=\"icon-tiny fa fa-check extra-color-3\"><\/i> Malta<\/h6>\n<h6><i class=\"icon-tiny fa fa-check extra-color-3\"><\/i> Albania<\/h6>\n<h6><i class=\"icon-tiny fa fa-check extra-color-3\"><\/i> Turchia<\/h6>\n<h6><i class=\"icon-tiny fa fa-check extra-color-3\"><\/i> Libano<\/h6>\n<h6><i class=\"icon-tiny fa fa-check extra-color-3\"><\/i> Tunisia<\/h6>\n<h6><i class=\"icon-tiny fa fa-check extra-color-3\"><\/i> Algeria<\/h6>\n[\/vc_column_text][\/vc_column_inner][vc_column_inner column_padding=&#8221;no-extra-padding&#8221; column_padding_position=&#8221;all&#8221; background_color_opacity=&#8221;1&#8243; background_hover_color_opacity=&#8221;1&#8243; column_shadow=&#8221;none&#8221; column_border_radius=&#8221;none&#8221; column_link_target=&#8221;_self&#8221; width=&#8221;1\/3&#8243; tablet_width_inherit=&#8221;default&#8221; column_border_width=&#8221;none&#8221; column_border_style=&#8221;solid&#8221;][vc_column_text]\n<h6><i class=\"icon-tiny fa fa-check extra-color-3\"><\/i> Marocco<\/h6>\n<h6><i class=\"icon-tiny fa fa-check extra-color-3\"><\/i> Russia<\/h6>\n<h6><i class=\"icon-tiny fa fa-check extra-color-3\"><\/i> India<\/h6>\n<h6><i class=\"icon-tiny fa fa-check extra-color-3\"><\/i> Stati Uniti<\/h6>\n<h6><i class=\"icon-tiny fa fa-check extra-color-3\"><\/i> Canada<\/h6>\n<h6><i class=\"icon-tiny fa fa-check extra-color-3\"><\/i> Argentina<\/h6>\n<h6><i class=\"icon-tiny fa fa-check extra-color-3\"><\/i> Cile<\/h6>\n[\/vc_column_text][\/vc_column_inner][\/vc_row_inner][\/vc_column][vc_column column_padding=&#8221;padding-4-percent&#8221; column_padding_position=&#8221;all&#8221; background_color_opacity=&#8221;1&#8243; background_hover_color_opacity=&#8221;1&#8243; background_image=&#8221;2996&#8243; enable_bg_scale=&#8221;true&#8221; font_color=&#8221;#6d6d6d&#8221; column_link_target=&#8221;_self&#8221; column_shadow=&#8221;none&#8221; column_border_radius=&#8221;none&#8221; width=&#8221;1\/2&#8243; tablet_width_inherit=&#8221;default&#8221; tablet_text_alignment=&#8221;default&#8221; phone_text_alignment=&#8221;default&#8221; column_border_width=&#8221;none&#8221; column_border_style=&#8221;solid&#8221;][\/vc_column][\/vc_row][vc_row type=&#8221;full_width_background&#8221; full_screen_row_position=&#8221;middle&#8221; bg_color=&#8221;#ffffff&#8221; scene_position=&#8221;center&#8221; text_color=&#8221;light&#8221; text_align=&#8221;center&#8221; top_padding=&#8221;60&#8243; bottom_padding=&#8221;40&#8243; overlay_strength=&#8221;0.3&#8243; shape_divider_position=&#8221;bottom&#8221; shape_type=&#8221;&#8221;][vc_column column_padding=&#8221;no-extra-padding&#8221; column_padding_position=&#8221;all&#8221; background_color_opacity=&#8221;1&#8243; background_hover_color_opacity=&#8221;1&#8243; column_link_target=&#8221;_self&#8221; column_shadow=&#8221;none&#8221; column_border_radius=&#8221;none&#8221; width=&#8221;1\/1&#8243; tablet_width_inherit=&#8221;default&#8221; tablet_text_alignment=&#8221;default&#8221; phone_text_alignment=&#8221;default&#8221; column_border_width=&#8221;none&#8221; column_border_style=&#8221;solid&#8221;][vc_custom_heading text=&#8221;Les chiffres&#8221; font_container=&#8221;tag:h2|text_align:center|color:%23025ca9&#8243; use_theme_fonts=&#8221;yes&#8221;][vc_column_text][COUNTER_NUMBER id=3400][\/vc_column_text][\/vc_column][\/vc_row][vc_row type=&#8221;full_width_background&#8221; full_screen_row_position=&#8221;middle&#8221; bg_color=&#8221;#005ca9&#8243; scene_position=&#8221;center&#8221; text_color=&#8221;light&#8221; text_align=&#8221;center&#8221; top_padding=&#8221;60&#8243; bottom_padding=&#8221;40&#8243; overlay_strength=&#8221;0.3&#8243; shape_divider_position=&#8221;bottom&#8221; shape_type=&#8221;&#8221;][vc_column column_padding=&#8221;no-extra-padding&#8221; column_padding_position=&#8221;all&#8221; background_color_opacity=&#8221;1&#8243; background_hover_color_opacity=&#8221;1&#8243; column_link_target=&#8221;_self&#8221; column_shadow=&#8221;none&#8221; column_border_radius=&#8221;none&#8221; width=&#8221;1\/1&#8243; tablet_width_inherit=&#8221;default&#8221; tablet_text_alignment=&#8221;default&#8221; phone_text_alignment=&#8221;default&#8221; column_border_width=&#8221;none&#8221; column_border_style=&#8221;solid&#8221;][vc_column_text]\n<h2 class=\"light\" style=\"text-align: center;\">Souhaitez-vous recevoir plus d&#8217;informations? <a class=\"nectar-button n-sc-button large see-through has-icon\"  href=\"https:\/\/www.fracchiolla.it\/fr\/contacts\/\" data-color-override=\"false\" data-hover-color-override=\"false\" data-hover-text-color-override=\"#fff\"><span>contacter Nous!<\/span><i class=\"icon-button-arrow\"><\/i><\/a><\/h2>\n[\/vc_column_text][\/vc_column][\/vc_row]\n","protected":false},"excerpt":{"rendered":"<p>[vc_row type=&#8221;full_width_content&#8221; full_screen_row_position=&#8221;middle&#8221; equal_height=&#8221;yes&#8221; content_placement=&#8221;middle&#8221; vertically_center_columns=&#8221;true&#8221; scene_position=&#8221;center&#8221; text_color=&#8221;light&#8221; text_align=&#8221;left&#8221; top_padding=&#8221;0&#8243; bottom_padding=&#8221;0&#8243; overlay_strength=&#8221;0.3&#8243; shape_divider_position=&#8221;bottom&#8221; shape_type=&#8221;&#8221;][vc_column column_padding=&#8221;padding-4-percent&#8221; column_padding_position=&#8221;all&#8221; background_color=&#8221;#004884&#8243; background_color_opacity=&#8221;1&#8243; background_hover_color_opacity=&#8221;1&#8243; column_link_target=&#8221;_self&#8221; column_shadow=&#8221;none&#8221; column_border_radius=&#8221;none&#8221; width=&#8221;1\/2&#8243; tablet_width_inherit=&#8221;default&#8221; tablet_text_alignment=&#8221;default&#8221; phone_text_alignment=&#8221;default&#8221; column_border_width=&#8221;none&#8221; column_border_style=&#8221;solid&#8221;][vc_row_inner column_margin=&#8221;default&#8221; text_align=&#8221;left&#8221;][vc_column_inner&#8230;<\/p>\n","protected":false},"author":2,"featured_media":0,"parent":0,"menu_order":43,"comment_status":"open","ping_status":"open","template":"","meta":{"inline_featured_image":false,"footnotes":""},"class_list":["post-4055","page","type-page","status-publish"],"_links":{"self":[{"href":"https:\/\/www.fracchiolla.it\/fr\/wp-json\/wp\/v2\/pages\/4055","targetHints":{"allow":["GET"]}}],"collection":[{"href":"https:\/\/www.fracchiolla.it\/fr\/wp-json\/wp\/v2\/pages"}],"about":[{"href":"https:\/\/www.fracchiolla.it\/fr\/wp-json\/wp\/v2\/types\/page"}],"author":[{"embeddable":true,"href":"https:\/\/www.fracchiolla.it\/fr\/wp-json\/wp\/v2\/users\/2"}],"replies":[{"embeddable":true,"href":"https:\/\/www.fracchiolla.it\/fr\/wp-json\/wp\/v2\/comments?post=4055"}],"version-history":[{"count":0,"href":"https:\/\/www.fracchiolla.it\/fr\/wp-json\/wp\/v2\/pages\/4055\/revisions"}],"wp:attachment":[{"href":"https:\/\/www.fracchiolla.it\/fr\/wp-json\/wp\/v2\/media?parent=4055"}],"curies":[{"name":"wp","href":"https:\/\/api.w.org\/{rel}","templated":true}]}}