{"id":3728,"date":"2020-11-04T10:41:29","date_gmt":"2020-11-04T08:41:29","guid":{"rendered":"https:\/\/www.fracchiolla.it\/?page_id=3728"},"modified":"2020-11-04T13:25:57","modified_gmt":"2020-11-04T11:25:57","slug":"notre-histoire","status":"publish","type":"page","link":"https:\/\/www.fracchiolla.it\/fr\/notre-histoire\/","title":{"rendered":"NOTRE HISTOIRE"},"content":{"rendered":"[vc_row type=&#8221;full_width_content&#8221; full_screen_row_position=&#8221;middle&#8221; equal_height=&#8221;yes&#8221; content_placement=&#8221;top&#8221; vertically_center_columns=&#8221;true&#8221; scene_position=&#8221;center&#8221; text_color=&#8221;light&#8221; text_align=&#8221;left&#8221; top_padding=&#8221;0&#8243; bottom_padding=&#8221;0&#8243; overlay_strength=&#8221;0.3&#8243; shape_divider_position=&#8221;bottom&#8221; shape_type=&#8221;&#8221;][vc_column column_padding=&#8221;padding-4-percent&#8221; column_padding_position=&#8221;all&#8221; background_color=&#8221;#004884&#8243; background_color_opacity=&#8221;1&#8243; background_hover_color_opacity=&#8221;1&#8243; column_link_target=&#8221;_self&#8221; column_shadow=&#8221;none&#8221; column_border_radius=&#8221;none&#8221; width=&#8221;1\/2&#8243; tablet_width_inherit=&#8221;default&#8221; tablet_text_alignment=&#8221;default&#8221; phone_text_alignment=&#8221;default&#8221; column_border_width=&#8221;none&#8221; column_border_style=&#8221;solid&#8221;][vc_row_inner column_margin=&#8221;default&#8221; text_align=&#8221;left&#8221;][vc_column_inner column_padding=&#8221;no-extra-padding&#8221; column_padding_position=&#8221;all&#8221; background_color_opacity=&#8221;1&#8243; background_hover_color_opacity=&#8221;1&#8243; column_shadow=&#8221;none&#8221; column_border_radius=&#8221;none&#8221; column_link_target=&#8221;_self&#8221; width=&#8221;1\/1&#8243; tablet_width_inherit=&#8221;default&#8221; column_border_width=&#8221;none&#8221; column_border_style=&#8221;solid&#8221;][vc_column_text]\n<h3>NOTRE HISTOIRE<\/h3>\n<p>Industrie Fracchiolla Spa est n\u00e9e \u00e0 l&#8217;initiative de trois fr\u00e8res, Rocco, Franco et Costantino Fracchiolla, qui en 1963 ont commenc\u00e9 leur activit\u00e9 dans le secteur d&#8217;ing\u00e9nierie et d\u2019installations.<\/p>\n<p>Apr\u00e8s son exp\u00e9rience dans le service militaire, Franco \u00e9migre \u00e0 New York, pendant que les fr\u00e8res Rocco et Costantino continuent \u00e0 suivre la soci\u00e9t\u00e9 d&#8217;ing\u00e9nierie en Italie.<\/p>\n<p>14 mois plus tard, Franco, motiv\u00e9 par l&#8217;amour de son pays, retourna en Italie et retrouva ses fr\u00e8res, cultivant le r\u00eave de cr\u00e9er une grande entreprise tous ensemble.<\/p>\n<p>La grande force de volont\u00e9, le d\u00e9sir de s&#8217;am\u00e9liorer toujours dans la r\u00e9alisation de leur travail, et la volont\u00e9 de former des jeunes salari\u00e9s en les faisant devenir des professionnels, ont permis au d\u00e9but des ann\u00e9es 1980, d&#8217;achever la construction du nouveau si\u00e8ge social de l&#8217;entreprise dans la zone industrielle. d&#8217;Adelfia, \u00e9galement gr\u00e2ce \u00e0 la confiance et \u00e0 l&#8217;aide importante re\u00e7ue par l&#8217;\u00c9tat italien et des banques de financement.<\/p>\n<p>Dans le m\u00eame temps, il a \u00e9t\u00e9 d\u00e9cid\u00e9 de commencer la production des cuves, profitant de l&#8217;exp\u00e9rience acquise dans le secteur d&#8217;ing\u00e9nierie et d\u2019installations.<\/p>\n<p>Les trois fr\u00e8res ont d\u00e9cid\u00e9 d&#8217;utiliser l&#8217;acier inoxydable de premi\u00e8re qualit\u00e9 comme mati\u00e8re premi\u00e8re pour la construction des cuves destin\u00e9s \u00e0 contenir des liquides alimentaires.<\/p>\n<p>Ce choix s&#8217;est av\u00e9r\u00e9 gagnant et, en peu de temps, l&#8217;entreprise a commenc\u00e9 \u00e0 commercialiser ses produits sur les march\u00e9s nationaux et internationaux, pour devenir aujourd&#8217;hui un empire industriel.<\/p>\n<p>Depuis les ann\u00e9es 2000, les trois fr\u00e8res sont soutenus par leurs 8 enfants, fortement motiv\u00e9s \u00e0 d\u00e9velopper l&#8217;entreprise familiale, gr\u00e2ce \u00e0 l&#8217;introduction de technologies de conception et de production avanc\u00e9es.<\/p>\n<p>Pour cette raison, une expansion majeure de l&#8217;usine de production a \u00e9t\u00e9 lanc\u00e9e, ce qui conduira l&#8217;entreprise \u00e0 tripler sa taille d&#8217;ici 2020.<\/p>\n<p>Il existe de nombreuses collaborations avec les universit\u00e9s et centres de recherche les plus prestigieux, qui enrichissent de plus en plus les connaissances des employ\u00e9s de l&#8217;entreprise de tous niveaux.<\/p>\n<p>Nous donnons le meilleur de nous-m\u00eames \u00e0 nos clients r\u00e9partis dans le monde entier en offrant des prix comp\u00e9titifs, des produits de qualit\u00e9, des livraisons ponctuelles, une garantie apr\u00e8s-vente avec une assistance 24h \/ 24.<br \/>\n[\/vc_column_text][\/vc_column_inner][\/vc_row_inner][\/vc_column][vc_column column_padding=&#8221;padding-4-percent&#8221; column_padding_position=&#8221;all&#8221; background_color_opacity=&#8221;1&#8243; background_hover_color_opacity=&#8221;1&#8243; background_image=&#8221;3466&#8243; font_color=&#8221;#6d6d6d&#8221; column_link_target=&#8221;_self&#8221; column_shadow=&#8221;none&#8221; column_border_radius=&#8221;none&#8221; el_class=&#8221;sfondo&#8221; width=&#8221;1\/2&#8243; tablet_width_inherit=&#8221;default&#8221; tablet_text_alignment=&#8221;default&#8221; phone_text_alignment=&#8221;default&#8221; column_border_width=&#8221;none&#8221; column_border_style=&#8221;solid&#8221;][\/vc_column][\/vc_row]\n","protected":false},"excerpt":{"rendered":"<p>[vc_row type=&#8221;full_width_content&#8221; full_screen_row_position=&#8221;middle&#8221; equal_height=&#8221;yes&#8221; content_placement=&#8221;top&#8221; vertically_center_columns=&#8221;true&#8221; scene_position=&#8221;center&#8221; text_color=&#8221;light&#8221; text_align=&#8221;left&#8221; top_padding=&#8221;0&#8243; bottom_padding=&#8221;0&#8243; overlay_strength=&#8221;0.3&#8243; shape_divider_position=&#8221;bottom&#8221; shape_type=&#8221;&#8221;][vc_column column_padding=&#8221;padding-4-percent&#8221; column_padding_position=&#8221;all&#8221; background_color=&#8221;#004884&#8243; background_color_opacity=&#8221;1&#8243; background_hover_color_opacity=&#8221;1&#8243; column_link_target=&#8221;_self&#8221; column_shadow=&#8221;none&#8221; column_border_radius=&#8221;none&#8221; width=&#8221;1\/2&#8243; tablet_width_inherit=&#8221;default&#8221; tablet_text_alignment=&#8221;default&#8221; phone_text_alignment=&#8221;default&#8221; column_border_width=&#8221;none&#8221; column_border_style=&#8221;solid&#8221;][vc_row_inner column_margin=&#8221;default&#8221; text_align=&#8221;left&#8221;][vc_column_inner&#8230;<\/p>\n","protected":false},"author":2,"featured_media":0,"parent":0,"menu_order":0,"comment_status":"closed","ping_status":"closed","template":"","meta":{"inline_featured_image":false,"footnotes":""},"class_list":["post-3728","page","type-page","status-publish"],"_links":{"self":[{"href":"https:\/\/www.fracchiolla.it\/fr\/wp-json\/wp\/v2\/pages\/3728","targetHints":{"allow":["GET"]}}],"collection":[{"href":"https:\/\/www.fracchiolla.it\/fr\/wp-json\/wp\/v2\/pages"}],"about":[{"href":"https:\/\/www.fracchiolla.it\/fr\/wp-json\/wp\/v2\/types\/page"}],"author":[{"embeddable":true,"href":"https:\/\/www.fracchiolla.it\/fr\/wp-json\/wp\/v2\/users\/2"}],"replies":[{"embeddable":true,"href":"https:\/\/www.fracchiolla.it\/fr\/wp-json\/wp\/v2\/comments?post=3728"}],"version-history":[{"count":0,"href":"https:\/\/www.fracchiolla.it\/fr\/wp-json\/wp\/v2\/pages\/3728\/revisions"}],"wp:attachment":[{"href":"https:\/\/www.fracchiolla.it\/fr\/wp-json\/wp\/v2\/media?parent=3728"}],"curies":[{"name":"wp","href":"https:\/\/api.w.org\/{rel}","templated":true}]}}