{"id":3975,"date":"2020-11-08T19:51:01","date_gmt":"2020-11-08T17:51:01","guid":{"rendered":"https:\/\/www.fracchiolla.it\/?post_type=product&#038;p=3975"},"modified":"2024-07-12T16:14:10","modified_gmt":"2024-07-12T14:14:10","slug":"n-3-rotierende-maischetaucher-240hl","status":"publish","type":"product","link":"https:\/\/www.fracchiolla.it\/de\/prodotto\/n-3-rotierende-maischetaucher-240hl\/","title":{"rendered":"NR.1 WEIN G\u00e4rung TANKS, mit schr\u00e4gem Flachboden 50HL"},"content":{"rendered":"","protected":false},"excerpt":{"rendered":"<p><strong>NR.2 WEIN G\u00e4rung TANKS, mit schr\u00e4gem Flachboden 50HL <\/strong><\/p>\n<p>hergestellt aus rostfreiem Stahl AISI 304 (1.4301 oder 1.4307).<\/p>\n<p>Innere\/\u00c4u\u00dfere Oberfl\u00e4chenbehandlungen: BA (IIId)\/Marmorierte.<\/p>\n<p><strong>ABMESSUNGEN:\u00a0 <\/strong><\/p>\n<p>Durchmesser 1592mm-H\u00f6he der Beine 600mm \u2013 Gesamth\u00f6he 3535mm.<\/p>\n<p><strong>ZUBEH\u00d6R:<\/strong><\/p>\n<p>NR.1 oberes Mannloch in der Mitte des Daches d.400mm, hermetisch abgedichtet f\u00fcr leichten \u00dcberdruck;<\/p>\n<p>NR.1 Kugelventil 304 DIN 11851 \u00d850\/\u00d850mm DIN 11851 wie Klar Ablauf;<\/p>\n<p>NR.1 Kugelventil 304 DIN 11851 \u00d850\/\u00d850mm DIN 11851 wie Restablauf;<\/p>\n<p>NR.1 Rechteckige T\u00fcr 530x400mm &#8211; \u00d6ffnung nach au\u00dfen;<\/p>\n<p>NR.1 Doppelmantel zum K\u00fchlen, H\u00d6HE=1470mm;<\/p>\n<p>Polyethylen-Isolierung der K\u00fchltasche (Dicke mm 30)<\/p>\n<p>NR.1 Analoges Thermometer mit Sonden Geh\u00e4use<\/p>\n<p>Leiter b\u00fcgeln; Probenahme Ventil.<\/p>\n<p><u>U.Z. NR.7561\/03. <\/u><\/p>\n","protected":false},"featured_media":4795,"template":"","meta":{"inline_featured_image":false},"product_brand":[],"product_cat":[16],"product_tag":[],"class_list":{"0":"post-3975","1":"product","2":"type-product","3":"status-publish","4":"has-post-thumbnail","6":"product_cat-uncategorized","8":"first","9":"instock","10":"shipping-taxable","11":"product-type-simple"},"_links":{"self":[{"href":"https:\/\/www.fracchiolla.it\/de\/wp-json\/wp\/v2\/product\/3975","targetHints":{"allow":["GET"]}}],"collection":[{"href":"https:\/\/www.fracchiolla.it\/de\/wp-json\/wp\/v2\/product"}],"about":[{"href":"https:\/\/www.fracchiolla.it\/de\/wp-json\/wp\/v2\/types\/product"}],"wp:featuredmedia":[{"embeddable":true,"href":"https:\/\/www.fracchiolla.it\/de\/wp-json\/wp\/v2\/media\/4795"}],"wp:attachment":[{"href":"https:\/\/www.fracchiolla.it\/de\/wp-json\/wp\/v2\/media?parent=3975"}],"wp:term":[{"taxonomy":"product_brand","embeddable":true,"href":"https:\/\/www.fracchiolla.it\/de\/wp-json\/wp\/v2\/product_brand?post=3975"},{"taxonomy":"product_cat","embeddable":true,"href":"https:\/\/www.fracchiolla.it\/de\/wp-json\/wp\/v2\/product_cat?post=3975"},{"taxonomy":"product_tag","embeddable":true,"href":"https:\/\/www.fracchiolla.it\/de\/wp-json\/wp\/v2\/product_tag?post=3975"}],"curies":[{"name":"wp","href":"https:\/\/api.w.org\/{rel}","templated":true}]}}