{"id":3924,"date":"2024-10-27T12:36:19","date_gmt":"2020-11-08T16:43:47","guid":{"rendered":"https:\/\/www.fracchiolla.it\/?post_type=product&#038;p=3924"},"modified":"2025-07-23T12:06:15","modified_gmt":"2025-07-23T10:06:15","slug":"flachboden-tanks-maischetaucher-3-neigung-mit-isolierter-thermoplatte-pillow-plate-auf-hoehen-verstellbaren-fusse","status":"publish","type":"product","link":"https:\/\/www.fracchiolla.it\/de\/prodotto\/flachboden-tanks-maischetaucher-3-neigung-mit-isolierter-thermoplatte-pillow-plate-auf-hoehen-verstellbaren-fusse\/","title":{"rendered":"Flachboden Tanks (Maischetaucher) 3% Neigung mit isolierter Thermoplatte (pillow plate) auf h\u00f6hen verstellbaren Fu\u0308\u00dfe"},"content":{"rendered":"","protected":false},"excerpt":{"rendered":"<p class=\"p1\">Traditioneller Flachboden Maischetaucher in Edelstahl auf h\u00f6hen verstellbaren F\u00fc\u00dfe mit isoliertem Thermoplate.<\/p>\n<p class=\"p1\">Die Version mit automatischem Auslaufsystem ausgestattet mit Extraktionsmessern und Getriebemotor f\u00fcr die automatische Extraktion von Trester ist auch auf Antrag erh\u00e4ltlich.<\/p>\n<p><a class=\"product-factsheet wplightbox\" href=\"https:\/\/www.fracchiolla.it\/wp-content\/uploads\/2025\/05\/Vinificatori-a-fondo-piano-inclinato-3-con-tasca-a-nido-dape-TEDESCO-1.pdf\" target=\"_blank\" rel=\"noopener\" data-cmp-ab=\"2\">\u00a0<b>Technische Merkmale<\/b><\/a><\/p>\n<p><a href=\"https:\/\/www.fracchiolla.it\/de\/produktion\/\" data-cmp-ab=\"2\">Entdecken Sie die Produktionen<\/a><\/p>\n","protected":false},"featured_media":5928,"template":"","meta":{"inline_featured_image":false},"product_brand":[],"product_cat":[112],"product_tag":[],"class_list":{"0":"post-3924","1":"product","2":"type-product","3":"status-publish","4":"has-post-thumbnail","6":"product_cat-onologie","8":"first","9":"instock","10":"shipping-taxable","11":"product-type-simple"},"_links":{"self":[{"href":"https:\/\/www.fracchiolla.it\/de\/wp-json\/wp\/v2\/product\/3924","targetHints":{"allow":["GET"]}}],"collection":[{"href":"https:\/\/www.fracchiolla.it\/de\/wp-json\/wp\/v2\/product"}],"about":[{"href":"https:\/\/www.fracchiolla.it\/de\/wp-json\/wp\/v2\/types\/product"}],"wp:featuredmedia":[{"embeddable":true,"href":"https:\/\/www.fracchiolla.it\/de\/wp-json\/wp\/v2\/media\/5928"}],"wp:attachment":[{"href":"https:\/\/www.fracchiolla.it\/de\/wp-json\/wp\/v2\/media?parent=3924"}],"wp:term":[{"taxonomy":"product_brand","embeddable":true,"href":"https:\/\/www.fracchiolla.it\/de\/wp-json\/wp\/v2\/product_brand?post=3924"},{"taxonomy":"product_cat","embeddable":true,"href":"https:\/\/www.fracchiolla.it\/de\/wp-json\/wp\/v2\/product_cat?post=3924"},{"taxonomy":"product_tag","embeddable":true,"href":"https:\/\/www.fracchiolla.it\/de\/wp-json\/wp\/v2\/product_tag?post=3924"}],"curies":[{"name":"wp","href":"https:\/\/api.w.org\/{rel}","templated":true}]}}